{"id":2018014,"date":"2024-11-29T11:01:44","date_gmt":"2024-11-29T10:01:44","guid":{"rendered":"https:\/\/eu.tilta.com\/shop\/accesorios-de-ampliacion-para-dji-focus-pro\/"},"modified":"2026-02-16T09:03:27","modified_gmt":"2026-02-16T08:03:27","slug":"expansion-accessories-for-dji-focus-pro","status":"publish","type":"product","link":"https:\/\/eu.tilta.com\/es\/shop\/expansion-accessories-for-dji-focus-pro\/","title":{"rendered":"Accesorios de ampliaci\u00f3n para DJI Focus Pro"},"content":{"rendered":"<div class=\"overview-text\">\n<p>Estos Accesorios de Expansi\u00f3n para DJI Focus Pro ampl\u00edan las opciones de rigging para el Empu\u00f1adura Focus Pro y el Tel\u00e9metro LiDAR.<\/p>\n<p>El Adaptador de Empu\u00f1adura Superior para la Empu\u00f1adura Focus Pro de DJI permite a los usuarios montar la Empu\u00f1adura Focus Pro en posici\u00f3n Horizontal en la parte superior del cuerpo de una c\u00e1mara mediante un Rail NATO para utilizarla como Empu\u00f1adura Superior. El kit de accesorios de expansi\u00f3n incluye un <a href=\"https:\/\/eu.tilta.com\/shop\/tiltaing-18mm-nato-rail-attachment\/\">accesorio de ra\u00edl OTAN de 18 mm<\/a> para ampliar su compatibilidad con otras jaulas y dispositivos.<\/p>\n<p>Esto proporciona una opci\u00f3n de posicionamiento \u00fanica para la empu\u00f1adura que permite a los usuarios operar c\u00f3modamente desde \u00e1ngulos m\u00e1s bajos mientras utilizan el Focus Pro.<\/p>\n<p>El Soporte de montaje giratorio para DJI Focus Pro LiDAR ofrece a los usuarios una flexibilidad adicional a la hora de montar el tel\u00e9metro LiDAR mediante una montura de zapata fr\u00eda y un soporte ajustable.<\/p>\n<p>Esto puede adaptarse a equipos en los que el LiDAR se monta directamente en el mango y puede ajustarse para que el LiDAR se mantenga nivelado en distintos \u00e1ngulos del mango.<\/p>\n<\/div>\n","protected":false},"excerpt":{"rendered":"<p>Estos Accesorios de Expansi\u00f3n para DJI Focus Pro ampl\u00edan las opciones de rigging para el Empu\u00f1adura Focus Pro y el Tel\u00e9metro LiDAR. El Adaptador de Empu\u00f1adura Superior para la Empu\u00f1adura Focus Pro de DJI permite a los usuarios montar la [&hellip;]<\/p>\n","protected":false},"featured_media":2014154,"comment_status":"open","ping_status":"closed","template":"","meta":[],"product_cat":[3387,4448],"product_tag":[],"acf":[],"gallery_images":[2014023,2014017,2014011,2014005,2013999],"_links":{"self":[{"href":"https:\/\/eu.tilta.com\/es\/wp-json\/wp\/v2\/product\/2018014"}],"collection":[{"href":"https:\/\/eu.tilta.com\/es\/wp-json\/wp\/v2\/product"}],"about":[{"href":"https:\/\/eu.tilta.com\/es\/wp-json\/wp\/v2\/types\/product"}],"replies":[{"embeddable":true,"href":"https:\/\/eu.tilta.com\/es\/wp-json\/wp\/v2\/comments?post=2018014"}],"wp:featuredmedia":[{"embeddable":true,"href":"https:\/\/eu.tilta.com\/es\/wp-json\/wp\/v2\/media\/2014154"}],"wp:attachment":[{"href":"https:\/\/eu.tilta.com\/es\/wp-json\/wp\/v2\/media?parent=2018014"}],"wp:term":[{"taxonomy":"product_cat","embeddable":true,"href":"https:\/\/eu.tilta.com\/es\/wp-json\/wp\/v2\/product_cat?post=2018014"},{"taxonomy":"product_tag","embeddable":true,"href":"https:\/\/eu.tilta.com\/es\/wp-json\/wp\/v2\/product_tag?post=2018014"}],"curies":[{"name":"wp","href":"https:\/\/api.w.org\/{rel}","templated":true}]}}