{"id":2018016,"date":"2024-11-27T10:56:07","date_gmt":"2024-11-27T09:56:07","guid":{"rendered":"https:\/\/eu.tilta.com\/shop\/jaula-de-camara-para-kit-base-blackmagic-pyxis-6k\/"},"modified":"2025-12-05T14:01:30","modified_gmt":"2025-12-05T13:01:30","slug":"camera-cage-for-blackmagic-pyxis-6k-base-kit","status":"publish","type":"product","link":"https:\/\/eu.tilta.com\/es\/shop\/camera-cage-for-blackmagic-pyxis-6k-base-kit\/","title":{"rendered":"Jaula de c\u00e1mara para kit base Blackmagic PYXIS 6K"},"content":{"rendered":"<div class=\"overview-text\">\n<p><em>Presentamos la Jaula de C\u00e1mara para el Kit Base Blackmagic PYXIS 6K<\/em><\/p>\n<p>Esta jaula para c\u00e1mara proporciona un blindaje protector para el cuerpo de la c\u00e1mara y utiliza opciones de dise\u00f1o modular para mejorar en gran medida la funcionalidad de la Pyxis mediante opciones de montaje como el ra\u00edl NATO, la roseta Arri, la zapata fr\u00eda y las roscas de 3\/8\u2033-16 y 1\/4\u2033-20 con puntos de fijaci\u00f3n.<\/p>\n<p>La placa lateral facilita las transiciones r\u00e1pidas a configuraciones verticales, ya que puede utilizarse como placa inferior cuando se monta verticalmente y proporciona espacio suficiente entre las barras y el objetivo para la mayor\u00eda de los accesorios. Cuando est\u00e1 en esta configuraci\u00f3n, la placa presenta roscas espec\u00edficamente colocadas para alinear la placa base con el centro \u00f3ptico del objetivo.<\/p>\n<p>Esta placa lateral tambi\u00e9n admite la grabaci\u00f3n externa mediante el soporte SSD integrado y dispone de varias roscas de 1\/4&#8243;-20 para diversos accesorios. El soporte para SSD admite discos duros de 52 mm a 60 mm de ancho y menos de 12 mm de grosor.<\/p>\n<p>Tanto la placa superior como la inferior est\u00e1n dise\u00f1adas para evitar los orificios de disipaci\u00f3n de calor del cuerpo, lo que garantiza que el rendimiento de refrigeraci\u00f3n de la c\u00e1mara no se vea afectado. La placa superior es compatible con la empu\u00f1adura superior nativa PYXIS y tambi\u00e9n incorpora un adaptador desmontable de rosca de 3\/8 a 1\/4, que permite a los usuarios elegir varias empu\u00f1aduras superiores para adaptarse mejor a configuraciones de distintos tama\u00f1os.<\/p>\n<p>En el Kit Base se incluye el Asa Superior Xeno, que se conecta a la Placa Superior mediante el Rail OTAN. Esto mejora el manejo y las opciones operativas mediante un dise\u00f1o elegante con mayor espacio libre. Esta empu\u00f1adura cuenta con m\u00faltiples opciones de montaje para accesorios adicionales, incluidas roscas de 1\/4\u2033-20 y un receptor de zapata fr\u00eda, perfecto para montar un monitor externo.<\/p>\n<p>Tambi\u00e9n se incluye el asa lateral Xeno, que utiliza una conexi\u00f3n OTAN para montarse en el lado izquierdo o derecho de la jaula. Con una altura ajustable de 40 mm, los usuarios pueden adaptar la empu\u00f1adura a su posici\u00f3n preferida, lo que garantiza una mayor comodidad al disparar c\u00e1mara en mano durante cualquier periodo de tiempo.<\/p>\n<p>La empu\u00f1adura incorpora silicona antideslizante, que proporciona un agarre texturizado que mejora la estabilidad para una sujeci\u00f3n segura, y cuenta con puntos de montaje como un receptor de zapata fr\u00eda y una rosca de 1\/4\u2033-20 con puntos de localizaci\u00f3n para accesorios adicionales.<\/p>\n<\/div>\n","protected":false},"excerpt":{"rendered":"<p>Presentamos la Jaula de C\u00e1mara para el Kit Base Blackmagic PYXIS 6K Esta jaula para c\u00e1mara proporciona un blindaje protector para el cuerpo de la c\u00e1mara y utiliza opciones de dise\u00f1o modular para mejorar en gran medida la funcionalidad de [&hellip;]<\/p>\n","protected":false},"featured_media":2013733,"comment_status":"open","ping_status":"closed","template":"","meta":[],"product_cat":[3386],"product_tag":[],"acf":[],"gallery_images":[2013727,2013721,2013715,2013709,2013703,2013697],"_links":{"self":[{"href":"https:\/\/eu.tilta.com\/es\/wp-json\/wp\/v2\/product\/2018016"}],"collection":[{"href":"https:\/\/eu.tilta.com\/es\/wp-json\/wp\/v2\/product"}],"about":[{"href":"https:\/\/eu.tilta.com\/es\/wp-json\/wp\/v2\/types\/product"}],"replies":[{"embeddable":true,"href":"https:\/\/eu.tilta.com\/es\/wp-json\/wp\/v2\/comments?post=2018016"}],"wp:featuredmedia":[{"embeddable":true,"href":"https:\/\/eu.tilta.com\/es\/wp-json\/wp\/v2\/media\/2013733"}],"wp:attachment":[{"href":"https:\/\/eu.tilta.com\/es\/wp-json\/wp\/v2\/media?parent=2018016"}],"wp:term":[{"taxonomy":"product_cat","embeddable":true,"href":"https:\/\/eu.tilta.com\/es\/wp-json\/wp\/v2\/product_cat?post=2018016"},{"taxonomy":"product_tag","embeddable":true,"href":"https:\/\/eu.tilta.com\/es\/wp-json\/wp\/v2\/product_tag?post=2018016"}],"curies":[{"name":"wp","href":"https:\/\/api.w.org\/{rel}","templated":true}]}}