{"id":2018037,"date":"2024-03-15T23:00:48","date_gmt":"2024-03-15T22:00:48","guid":{"rendered":"https:\/\/eu.tilta.com\/shop\/destornillador-plano-tilta-con-llave-allen-m3\/"},"modified":"2026-02-16T09:01:05","modified_gmt":"2026-02-16T08:01:05","slug":"tilta-flat-head-screwdriver-with-m3-allen-key-2","status":"publish","type":"product","link":"https:\/\/eu.tilta.com\/es\/shop\/tilta-flat-head-screwdriver-with-m3-allen-key-2\/","title":{"rendered":"Destornillador plano Tilta con llave Allen M3"},"content":{"rendered":"<div class=\"overview-text\">\n<p>Este destornillador de cabeza plana con llave Allen M3 sirve para sustituir al que se incluye con muchas de nuestras jaulas para c\u00e1maras.<\/p>\n<p>Esto proporciona una opci\u00f3n c\u00f3moda para montar la jaula u otros accesorios sin necesidad de herramientas adicionales.<\/p>\n<p>Ten en cuenta que este accesorio en s\u00ed no es magn\u00e9tico. Est\u00e1 dise\u00f1ado para acoplarse al im\u00e1n de la parte inferior de muchas de nuestras jaulas para c\u00e1maras.<\/p>\n<\/div>\n","protected":false},"excerpt":{"rendered":"<p>Este destornillador de cabeza plana con llave Allen M3 sirve para sustituir al que se incluye con muchas de nuestras jaulas para c\u00e1maras. Esto proporciona una opci\u00f3n c\u00f3moda para montar la jaula u otros accesorios sin necesidad de herramientas adicionales. [&hellip;]<\/p>\n","protected":false},"featured_media":2018039,"comment_status":"closed","ping_status":"closed","template":"","meta":[],"product_cat":[4448,2732,2879],"product_tag":[],"acf":[],"gallery_images":[1974564,1974565],"_links":{"self":[{"href":"https:\/\/eu.tilta.com\/es\/wp-json\/wp\/v2\/product\/2018037"}],"collection":[{"href":"https:\/\/eu.tilta.com\/es\/wp-json\/wp\/v2\/product"}],"about":[{"href":"https:\/\/eu.tilta.com\/es\/wp-json\/wp\/v2\/types\/product"}],"replies":[{"embeddable":true,"href":"https:\/\/eu.tilta.com\/es\/wp-json\/wp\/v2\/comments?post=2018037"}],"wp:featuredmedia":[{"embeddable":true,"href":"https:\/\/eu.tilta.com\/es\/wp-json\/wp\/v2\/media\/2018039"}],"wp:attachment":[{"href":"https:\/\/eu.tilta.com\/es\/wp-json\/wp\/v2\/media?parent=2018037"}],"wp:term":[{"taxonomy":"product_cat","embeddable":true,"href":"https:\/\/eu.tilta.com\/es\/wp-json\/wp\/v2\/product_cat?post=2018037"},{"taxonomy":"product_tag","embeddable":true,"href":"https:\/\/eu.tilta.com\/es\/wp-json\/wp\/v2\/product_tag?post=2018037"}],"curies":[{"name":"wp","href":"https:\/\/api.w.org\/{rel}","templated":true}]}}