{"id":2018038,"date":"2023-10-04T03:10:01","date_gmt":"2023-10-04T01:10:01","guid":{"rendered":"https:\/\/eu.tilta.com\/shop\/asa-superior-tilta-xeno\/"},"modified":"2025-12-05T14:02:01","modified_gmt":"2025-12-05T13:02:01","slug":"xeno-top-handle-1-4-20-locating-pins","status":"publish","type":"product","link":"https:\/\/eu.tilta.com\/es\/shop\/xeno-top-handle-1-4-20-locating-pins\/","title":{"rendered":"Asa superior Tilta Xeno"},"content":{"rendered":"<p>El asa superior Xeno presenta varias opciones de montaje diferentes que permiten montarlo en una gran variedad de jaulas y sistemas de c\u00e1maras.<\/p>\n<p>Los tipos de conexi\u00f3n opcionales incluyen: 1\/4\u2033-20 con pasadores de fijaci\u00f3n, OTAN, tornillos de mariposa dobles de 1\/4\u2033-20 y zapata fr\u00eda.<\/p>\n<p>La propia empu\u00f1adura tiene un gran agarre acolchado de silicona que hace que el manejo o la manipulaci\u00f3n sean m\u00e1s c\u00f3modos y seguros.<\/p>\n<p>La empu\u00f1adura dispone de numerosos puntos de montaje para accesorios adicionales, como roscas de 1\/4\u2033-20 y 3\/8\u2033-16 con puntos de fijaci\u00f3n.<\/p>\n<p>La empu\u00f1adura tambi\u00e9n incorpora un receptor de zapata fr\u00eda con pasador de seguridad, as\u00ed como una rosca de fijaci\u00f3n est\u00e1ndar Arri.<\/p>\n","protected":false},"excerpt":{"rendered":"<p>El asa superior Xeno presenta varias opciones de montaje diferentes que permiten montarlo en una gran variedad de jaulas y sistemas de c\u00e1maras. Los tipos de conexi\u00f3n opcionales incluyen: 1\/4\u2033-20 con pasadores de fijaci\u00f3n, OTAN, tornillos de mariposa dobles de [&hellip;]<\/p>\n","protected":false},"featured_media":2003407,"comment_status":"closed","ping_status":"closed","template":"","meta":[],"product_cat":[3899,3386],"product_tag":[],"acf":[],"gallery_images":[1950561,1950563,1951371,1951403,1950604,1950606,1950603],"_links":{"self":[{"href":"https:\/\/eu.tilta.com\/es\/wp-json\/wp\/v2\/product\/2018038"}],"collection":[{"href":"https:\/\/eu.tilta.com\/es\/wp-json\/wp\/v2\/product"}],"about":[{"href":"https:\/\/eu.tilta.com\/es\/wp-json\/wp\/v2\/types\/product"}],"replies":[{"embeddable":true,"href":"https:\/\/eu.tilta.com\/es\/wp-json\/wp\/v2\/comments?post=2018038"}],"wp:featuredmedia":[{"embeddable":true,"href":"https:\/\/eu.tilta.com\/es\/wp-json\/wp\/v2\/media\/2003407"}],"wp:attachment":[{"href":"https:\/\/eu.tilta.com\/es\/wp-json\/wp\/v2\/media?parent=2018038"}],"wp:term":[{"taxonomy":"product_cat","embeddable":true,"href":"https:\/\/eu.tilta.com\/es\/wp-json\/wp\/v2\/product_cat?post=2018038"},{"taxonomy":"product_tag","embeddable":true,"href":"https:\/\/eu.tilta.com\/es\/wp-json\/wp\/v2\/product_tag?post=2018038"}],"curies":[{"name":"wp","href":"https:\/\/api.w.org\/{rel}","templated":true}]}}