{"id":2018057,"date":"2024-11-28T11:41:59","date_gmt":"2024-11-28T10:41:59","guid":{"rendered":"https:\/\/eu.tilta.com\/shop\/funda-de-piel-para-canon-r5-mark-ii\/"},"modified":"2026-02-16T09:03:28","modified_gmt":"2026-02-16T08:03:28","slug":"leather-camera-case-for-canon-r5-mark-ii","status":"publish","type":"product","link":"https:\/\/eu.tilta.com\/es\/shop\/leather-camera-case-for-canon-r5-mark-ii\/","title":{"rendered":"Funda de piel para Canon R5 Mark II"},"content":{"rendered":"<p>Presentamos la Funda de Piel para C\u00e1mara Canon R5 Mark II<\/p>\n<p>Esta funda se monta mediante un tornillo de 1\/4\u2033-20 y proporciona a los usuarios una forma m\u00e1s c\u00f3moda de manejar y manipular el cuerpo de la c\u00e1mara mediante la empu\u00f1adura integrada.<\/p>\n<p>El dise\u00f1o tambi\u00e9n proporciona una protecci\u00f3n adicional para la parte inferior del cuerpo de la c\u00e1mara, lo que resulta especialmente \u00fatil al dejarla en el suelo.<\/p>\n<p>Una peque\u00f1a solapa en la parte inferior facilita el acceso al compartimento de las pilas.<\/p>\n","protected":false},"excerpt":{"rendered":"<p>Presentamos la Funda de Piel para C\u00e1mara Canon R5 Mark II Esta funda se monta mediante un tornillo de 1\/4\u2033-20 y proporciona a los usuarios una forma m\u00e1s c\u00f3moda de manejar y manipular el cuerpo de la c\u00e1mara mediante la [&hellip;]<\/p>\n","protected":false},"featured_media":2013822,"comment_status":"open","ping_status":"closed","template":"","meta":[],"product_cat":[3248,4448],"product_tag":[],"acf":[],"gallery_images":[2013812,2013806],"_links":{"self":[{"href":"https:\/\/eu.tilta.com\/es\/wp-json\/wp\/v2\/product\/2018057"}],"collection":[{"href":"https:\/\/eu.tilta.com\/es\/wp-json\/wp\/v2\/product"}],"about":[{"href":"https:\/\/eu.tilta.com\/es\/wp-json\/wp\/v2\/types\/product"}],"replies":[{"embeddable":true,"href":"https:\/\/eu.tilta.com\/es\/wp-json\/wp\/v2\/comments?post=2018057"}],"wp:featuredmedia":[{"embeddable":true,"href":"https:\/\/eu.tilta.com\/es\/wp-json\/wp\/v2\/media\/2013822"}],"wp:attachment":[{"href":"https:\/\/eu.tilta.com\/es\/wp-json\/wp\/v2\/media?parent=2018057"}],"wp:term":[{"taxonomy":"product_cat","embeddable":true,"href":"https:\/\/eu.tilta.com\/es\/wp-json\/wp\/v2\/product_cat?post=2018057"},{"taxonomy":"product_tag","embeddable":true,"href":"https:\/\/eu.tilta.com\/es\/wp-json\/wp\/v2\/product_tag?post=2018057"}],"curies":[{"name":"wp","href":"https:\/\/api.w.org\/{rel}","templated":true}]}}