{"id":2018084,"date":"2024-11-26T04:30:54","date_gmt":"2024-11-26T03:30:54","guid":{"rendered":"https:\/\/eu.tilta.com\/shop\/adaptador-de-zapata-fria-para-tilta-mirage\/"},"modified":"2025-12-05T14:02:17","modified_gmt":"2025-12-05T13:02:17","slug":"cold-shoe-adapter-for-tilta-mirage","status":"publish","type":"product","link":"https:\/\/eu.tilta.com\/es\/shop\/cold-shoe-adapter-for-tilta-mirage\/","title":{"rendered":"Adaptador de zapata fr\u00eda para Tilta Mirage"},"content":{"rendered":"<p>Este adaptador de zapata fr\u00eda para la Tilta Mirage es el accesorio perfecto para ampliar las opciones de montaje de la Mirage Matte Box.<\/p>\n<p>Este adaptador sustituye a la bandera superior y proporciona un receptor de zapata fr\u00eda centrado, que es perfecto para una serie de accesorios, desde peque\u00f1as luces LED o el tel\u00e9metro LiDAR de DJI.<\/p>\n<p>Esto permite a los usuarios montar accesorios basados en zapata fr\u00eda directamente sobre la parte frontal del objetivo cuando se utiliza la Mirage Matte Box.<\/p>\n","protected":false},"excerpt":{"rendered":"<p>Este adaptador de zapata fr\u00eda para la Tilta Mirage es el accesorio perfecto para ampliar las opciones de montaje de la Mirage Matte Box. Este adaptador sustituye a la bandera superior y proporciona un receptor de zapata fr\u00eda centrado, que [&hellip;]<\/p>\n","protected":false},"featured_media":2013456,"comment_status":"open","ping_status":"closed","template":"","meta":[],"product_cat":[3253],"product_tag":[],"acf":[],"gallery_images":[2013450,2013444,2013438],"_links":{"self":[{"href":"https:\/\/eu.tilta.com\/es\/wp-json\/wp\/v2\/product\/2018084"}],"collection":[{"href":"https:\/\/eu.tilta.com\/es\/wp-json\/wp\/v2\/product"}],"about":[{"href":"https:\/\/eu.tilta.com\/es\/wp-json\/wp\/v2\/types\/product"}],"replies":[{"embeddable":true,"href":"https:\/\/eu.tilta.com\/es\/wp-json\/wp\/v2\/comments?post=2018084"}],"wp:featuredmedia":[{"embeddable":true,"href":"https:\/\/eu.tilta.com\/es\/wp-json\/wp\/v2\/media\/2013456"}],"wp:attachment":[{"href":"https:\/\/eu.tilta.com\/es\/wp-json\/wp\/v2\/media?parent=2018084"}],"wp:term":[{"taxonomy":"product_cat","embeddable":true,"href":"https:\/\/eu.tilta.com\/es\/wp-json\/wp\/v2\/product_cat?post=2018084"},{"taxonomy":"product_tag","embeddable":true,"href":"https:\/\/eu.tilta.com\/es\/wp-json\/wp\/v2\/product_tag?post=2018084"}],"curies":[{"name":"wp","href":"https:\/\/api.w.org\/{rel}","templated":true}]}}