{"id":2018093,"date":"2024-11-26T07:41:19","date_gmt":"2024-11-26T06:41:19","guid":{"rendered":"https:\/\/eu.tilta.com\/shop\/placa-de-bateria-para-blackmagic-pyxis-6k\/"},"modified":"2025-12-05T14:02:36","modified_gmt":"2025-12-05T13:02:36","slug":"battery-plate-for-blackmagic-pyxis-6k","status":"publish","type":"product","link":"https:\/\/eu.tilta.com\/es\/shop\/battery-plate-for-blackmagic-pyxis-6k\/","title":{"rendered":"Placa de bater\u00eda para Blackmagic PYXIS 6K"},"content":{"rendered":"<p><em>Presentamos la Placa de Bater\u00eda para Blackmagic PYXIS 6K<\/em><\/p>\n<p>Esta placa de bater\u00eda se monta y se bloquea f\u00e1cilmente en el compartimento de la bater\u00eda de la Pyxis para suministrar energ\u00eda mediante una conexi\u00f3n tipo pila falsa.<\/p>\n<p>Esto permite a los usuarios alimentar su c\u00e1mara y accesorios mediante bater\u00edas de mayor capacidad con montura en V o montura de oro, que pueden ampliar enormemente la autonom\u00eda de la c\u00e1mara en comparaci\u00f3n con las bater\u00edas internas.<\/p>\n<p>La placa de la bater\u00eda tiene 2 puertos P-Tap de 14,8 V, 1 puerto Lemo de 2 patillas de 14,8 V, 1 puerto USB-C y un puerto de entrada de corriente continua.<\/p>\n<p>Este puerto de entrada de CC es perfecto para intercambiar bater\u00edas en caliente o para construcciones ligeras, ya que permite a los usuarios alimentar la placa de la bater\u00eda mediante una fuente de alimentaci\u00f3n externa. (cable de alimentaci\u00f3n no incluido)<\/p>\n<p>Si utilizas la Placa superior (no incluida), esta Placa de bater\u00eda puede fijarse a\u00fan m\u00e1s mediante un tornillo de mariposa.<\/p>\n","protected":false},"excerpt":{"rendered":"<p>Presentamos la Placa de Bater\u00eda para Blackmagic PYXIS 6K Esta placa de bater\u00eda se monta y se bloquea f\u00e1cilmente en el compartimento de la bater\u00eda de la Pyxis para suministrar energ\u00eda mediante una conexi\u00f3n tipo pila falsa. Esto permite a [&hellip;]<\/p>\n","protected":false},"featured_media":2013493,"comment_status":"open","ping_status":"closed","template":"","meta":[],"product_cat":[3386],"product_tag":[],"acf":[],"gallery_images":[2013487,2013481,2013475,2013469,2013463],"_links":{"self":[{"href":"https:\/\/eu.tilta.com\/es\/wp-json\/wp\/v2\/product\/2018093"}],"collection":[{"href":"https:\/\/eu.tilta.com\/es\/wp-json\/wp\/v2\/product"}],"about":[{"href":"https:\/\/eu.tilta.com\/es\/wp-json\/wp\/v2\/types\/product"}],"replies":[{"embeddable":true,"href":"https:\/\/eu.tilta.com\/es\/wp-json\/wp\/v2\/comments?post=2018093"}],"wp:featuredmedia":[{"embeddable":true,"href":"https:\/\/eu.tilta.com\/es\/wp-json\/wp\/v2\/media\/2013493"}],"wp:attachment":[{"href":"https:\/\/eu.tilta.com\/es\/wp-json\/wp\/v2\/media?parent=2018093"}],"wp:term":[{"taxonomy":"product_cat","embeddable":true,"href":"https:\/\/eu.tilta.com\/es\/wp-json\/wp\/v2\/product_cat?post=2018093"},{"taxonomy":"product_tag","embeddable":true,"href":"https:\/\/eu.tilta.com\/es\/wp-json\/wp\/v2\/product_tag?post=2018093"}],"curies":[{"name":"wp","href":"https:\/\/api.w.org\/{rel}","templated":true}]}}