{"id":2018096,"date":"2024-03-15T22:59:24","date_gmt":"2024-03-15T21:59:24","guid":{"rendered":"https:\/\/eu.tilta.com\/shop\/placa-de-bateria-para-sony-fx9-tipo-iii\/"},"modified":"2025-12-05T14:02:51","modified_gmt":"2025-12-05T13:02:51","slug":"battery-plate-for-sony-fx9-type-iii-v-mount","status":"publish","type":"product","link":"https:\/\/eu.tilta.com\/es\/shop\/battery-plate-for-sony-fx9-type-iii-v-mount\/","title":{"rendered":"Placa de bater\u00eda para Sony FX9 Tipo III"},"content":{"rendered":"<p>Esta placa de bater\u00eda est\u00e1 dise\u00f1ada espec\u00edficamente para nuestra jaula Sony PXW-FX9 y est\u00e1 disponible con montura dorada o en V.<\/p>\n<p>Se acopla directamente a la parte posterior de la placa superior de la jaula de la c\u00e1mara Tilta para Sony FX9<br \/>\ny abraza la parte trasera de la c\u00e1mara.<\/p>\n<p>La placa de la bater\u00eda proporciona varias salidas de alimentaci\u00f3n diferentes para que puedas alimentar accesorios y se conecta a la c\u00e1mara mediante un cable de CC espec\u00edfico.<\/p>\n<p>La placa tambi\u00e9n se puede ajustar a varias distancias del cuerpo de la c\u00e1mara para equilibrar mejor el sistema sobre tu hombro.<\/p>\n<p>Esta placa de bater\u00eda incluye los siguientes puertos:<\/p>\n<p>2x salidas de potencia P-Tap<br \/>\n2 salidas de alimentaci\u00f3n de 2 patillas<br \/>\n1x Entrada de alimentaci\u00f3n de 6 patillas<\/p>\n<p>&nbsp;<\/p>\n","protected":false},"excerpt":{"rendered":"<p>Esta placa de bater\u00eda est\u00e1 dise\u00f1ada espec\u00edficamente para nuestra jaula Sony PXW-FX9 y est\u00e1 disponible con montura dorada o en V. Se acopla directamente a la parte posterior de la placa superior de la jaula de la c\u00e1mara Tilta para [&hellip;]<\/p>\n","protected":false},"featured_media":2018100,"comment_status":"closed","ping_status":"closed","template":"","meta":[],"product_cat":[2727,2868],"product_tag":[],"acf":[],"gallery_images":[1975069],"_links":{"self":[{"href":"https:\/\/eu.tilta.com\/es\/wp-json\/wp\/v2\/product\/2018096"}],"collection":[{"href":"https:\/\/eu.tilta.com\/es\/wp-json\/wp\/v2\/product"}],"about":[{"href":"https:\/\/eu.tilta.com\/es\/wp-json\/wp\/v2\/types\/product"}],"replies":[{"embeddable":true,"href":"https:\/\/eu.tilta.com\/es\/wp-json\/wp\/v2\/comments?post=2018096"}],"wp:featuredmedia":[{"embeddable":true,"href":"https:\/\/eu.tilta.com\/es\/wp-json\/wp\/v2\/media\/2018100"}],"wp:attachment":[{"href":"https:\/\/eu.tilta.com\/es\/wp-json\/wp\/v2\/media?parent=2018096"}],"wp:term":[{"taxonomy":"product_cat","embeddable":true,"href":"https:\/\/eu.tilta.com\/es\/wp-json\/wp\/v2\/product_cat?post=2018096"},{"taxonomy":"product_tag","embeddable":true,"href":"https:\/\/eu.tilta.com\/es\/wp-json\/wp\/v2\/product_tag?post=2018096"}],"curies":[{"name":"wp","href":"https:\/\/api.w.org\/{rel}","templated":true}]}}