{"id":2018106,"date":"2024-11-26T08:37:26","date_gmt":"2024-11-26T07:37:26","guid":{"rendered":"https:\/\/eu.tilta.com\/shop\/placa-lateral-para-blackmagic-pyxis-6k\/"},"modified":"2025-12-05T14:02:37","modified_gmt":"2025-12-05T13:02:37","slug":"side-plate-for-blackmagic-pyxis-6k","status":"publish","type":"product","link":"https:\/\/eu.tilta.com\/es\/shop\/side-plate-for-blackmagic-pyxis-6k\/","title":{"rendered":"Placa lateral para Blackmagic PYXIS 6K"},"content":{"rendered":"<div class=\"overview-text\">\n<p><em>Presentamos la Placa Lateral para Blackmagic PYXIS 6K<\/em><\/p>\n<p>Esta placa lateral tambi\u00e9n se puede utilizar de forma independiente para alojar c\u00e1maras de distintos tama\u00f1os.<\/p>\n<p>La placa lateral facilita las transiciones r\u00e1pidas entre configuraciones horizontales y verticales, ya que puede utilizarse como placa inferior cuando se monta verticalmente y proporciona espacio suficiente entre las varillas y el objetivo para la mayor\u00eda de los accesorios.<\/p>\n<p>Cuando est\u00e1 en esta configuraci\u00f3n vertical, la placa inferior incorpora roscas colocadas espec\u00edficamente para alinear la placa base con el centro \u00f3ptico del objetivo.<\/p>\n<p>Esta placa lateral tambi\u00e9n admite la grabaci\u00f3n externa mediante la montura SSD integrada y cuenta con varias roscas de 1\/4&#8243;-20 para diversos accesorios, incluidas abrazaderas para tel\u00e9fonos inteligentes para configuraciones de retransmisiones en directo.<\/p>\n<p>El soporte SSD admite discos duros de 52 mm a 60 mm de ancho y menos de 12 mm de grosor.<\/p>\n<\/div>\n","protected":false},"excerpt":{"rendered":"<p>Presentamos la Placa Lateral para Blackmagic PYXIS 6K Esta placa lateral tambi\u00e9n se puede utilizar de forma independiente para alojar c\u00e1maras de distintos tama\u00f1os. La placa lateral facilita las transiciones r\u00e1pidas entre configuraciones horizontales y verticales, ya que puede utilizarse [&hellip;]<\/p>\n","protected":false},"featured_media":2013526,"comment_status":"open","ping_status":"closed","template":"","meta":[],"product_cat":[3386],"product_tag":[],"acf":[],"gallery_images":[2013520,2013514,2013508,2013502],"_links":{"self":[{"href":"https:\/\/eu.tilta.com\/es\/wp-json\/wp\/v2\/product\/2018106"}],"collection":[{"href":"https:\/\/eu.tilta.com\/es\/wp-json\/wp\/v2\/product"}],"about":[{"href":"https:\/\/eu.tilta.com\/es\/wp-json\/wp\/v2\/types\/product"}],"replies":[{"embeddable":true,"href":"https:\/\/eu.tilta.com\/es\/wp-json\/wp\/v2\/comments?post=2018106"}],"wp:featuredmedia":[{"embeddable":true,"href":"https:\/\/eu.tilta.com\/es\/wp-json\/wp\/v2\/media\/2013526"}],"wp:attachment":[{"href":"https:\/\/eu.tilta.com\/es\/wp-json\/wp\/v2\/media?parent=2018106"}],"wp:term":[{"taxonomy":"product_cat","embeddable":true,"href":"https:\/\/eu.tilta.com\/es\/wp-json\/wp\/v2\/product_cat?post=2018106"},{"taxonomy":"product_tag","embeddable":true,"href":"https:\/\/eu.tilta.com\/es\/wp-json\/wp\/v2\/product_tag?post=2018106"}],"curies":[{"name":"wp","href":"https:\/\/api.w.org\/{rel}","templated":true}]}}