{"id":2018229,"date":"2024-01-31T22:05:51","date_gmt":"2024-01-31T21:05:51","guid":{"rendered":"https:\/\/eu.tilta.com\/shop\/asa-lateral-tilta-xeno\/"},"modified":"2025-12-15T10:26:14","modified_gmt":"2025-12-15T09:26:14","slug":"tilta-xeno-side-handle-1-4-20-with-locating-pins-2","status":"publish","type":"product","link":"https:\/\/eu.tilta.com\/es\/shop\/tilta-xeno-side-handle-1-4-20-with-locating-pins-2\/","title":{"rendered":"Asa lateral Tilta Xeno"},"content":{"rendered":"<p>Presentamos la empu\u00f1adura lateral Tilta Xeno, una nueva empu\u00f1adura lateral inspirada en el dise\u00f1o elegante y biomec\u00e1nico del Xenomorfo.<\/p>\n<p>Esta empu\u00f1adura lateral combina a la perfecci\u00f3n una est\u00e9tica robusta con una funcionalidad ergon\u00f3mica, proporcionando a los usuarios un agarre c\u00f3modo y seguro desde el que manejar su equipo de c\u00e1mara.<\/p>\n<p>Disponible en 3 opciones de montaje: 1\/4\u2033-20 con pasadores de fijaci\u00f3n, OTAN y doble 1\/4\u2033-20.<\/p>\n<p>Dise\u00f1ado para ser vers\u00e1til, el Asidero Lateral Xeno puede montarse tanto como asidero lateral izquierdo como derecho.<\/p>\n<p>Con una altura ajustable de 40 mm, los usuarios pueden adaptar la empu\u00f1adura a su posici\u00f3n preferida, lo que garantiza una mayor comodidad al disparar c\u00e1mara en mano durante cualquier periodo de tiempo.<\/p>\n<p>La empu\u00f1adura incorpora silicona antideslizante, que proporciona un agarre texturizado que mejora la estabilidad para una sujeci\u00f3n segura, y cuenta con puntos de montaje como un receptor de zapata fr\u00eda y una rosca de 1\/4\u2033-20 con puntos de localizaci\u00f3n para accesorios adicionales<\/p>\n<p>La llave Allen incorporada garantiza que el montaje o cualquier ajuste sean c\u00f3modos para la empu\u00f1adura o cualquier otro accesorio, lo que es perfecto para los cineastas que priorizan la eficacia y la flexibilidad.<\/p>\n<p>Mejora tu equipo fotogr\u00e1fico con la empu\u00f1adura lateral Tilta Xeno, \u00a1una mezcla perfecta de dise\u00f1o futurista y funcionalidad pr\u00e1ctica!<\/p>\n","protected":false},"excerpt":{"rendered":"<p>Presentamos la empu\u00f1adura lateral Tilta Xeno, una nueva empu\u00f1adura lateral inspirada en el dise\u00f1o elegante y biomec\u00e1nico del Xenomorfo. Esta empu\u00f1adura lateral combina a la perfecci\u00f3n una est\u00e9tica robusta con una funcionalidad ergon\u00f3mica, proporcionando a los usuarios un agarre c\u00f3modo [&hellip;]<\/p>\n","protected":false},"featured_media":2002574,"comment_status":"closed","ping_status":"closed","template":"","meta":[],"product_cat":[2974,3386,2749,2737,2843,2844,2842,2833,2740,2747,2742,2741,2837,2739,2790,2744,2830,2746,2745,2832,2786,2736,2725,2775,3393,2731,2729,2730,3394,2886,2962],"product_tag":[],"acf":[],"gallery_images":[1974652,1974653,1974654,1974655,1974656],"_links":{"self":[{"href":"https:\/\/eu.tilta.com\/es\/wp-json\/wp\/v2\/product\/2018229"}],"collection":[{"href":"https:\/\/eu.tilta.com\/es\/wp-json\/wp\/v2\/product"}],"about":[{"href":"https:\/\/eu.tilta.com\/es\/wp-json\/wp\/v2\/types\/product"}],"replies":[{"embeddable":true,"href":"https:\/\/eu.tilta.com\/es\/wp-json\/wp\/v2\/comments?post=2018229"}],"wp:featuredmedia":[{"embeddable":true,"href":"https:\/\/eu.tilta.com\/es\/wp-json\/wp\/v2\/media\/2002574"}],"wp:attachment":[{"href":"https:\/\/eu.tilta.com\/es\/wp-json\/wp\/v2\/media?parent=2018229"}],"wp:term":[{"taxonomy":"product_cat","embeddable":true,"href":"https:\/\/eu.tilta.com\/es\/wp-json\/wp\/v2\/product_cat?post=2018229"},{"taxonomy":"product_tag","embeddable":true,"href":"https:\/\/eu.tilta.com\/es\/wp-json\/wp\/v2\/product_tag?post=2018229"}],"curies":[{"name":"wp","href":"https:\/\/api.w.org\/{rel}","templated":true}]}}