{"id":2026819,"date":"2025-01-25T06:45:37","date_gmt":"2025-01-25T05:45:37","guid":{"rendered":"https:\/\/eu.tilta.com\/shop\/mini-kit-maestro-hydra-alien\/"},"modified":"2026-05-06T15:42:53","modified_gmt":"2026-05-06T13:42:53","slug":"hydra-alien-mini-master-kit","status":"publish","type":"product","link":"https:\/\/eu.tilta.com\/es\/shop\/hydra-alien-mini-master-kit\/","title":{"rendered":"Mini kit maestro Hydra Alien"},"content":{"rendered":"<p><em>Presentamos el Mini Kit Maestro Hydra Alien<\/em><\/p>\n<p>Inspirado en la est\u00e9tica de dise\u00f1o del Brazo Hydra, este compacto brazo amortiguador establece un nuevo est\u00e1ndar para los sistemas ligeros de montaje en el autom\u00f3vil.<\/p>\n<p>Este brazo en miniatura es compatible con sistemas de c\u00e1mara m\u00e1s peque\u00f1os, como la DJI Action 3\/4, la DJI Pocket 3, la Insta360 X4\/X3 y cualquier otro sistema que pese hasta 1,32 libras, incluidos los tel\u00e9fonos inteligentes con nuestro Ecosistema Khronos.<\/p>\n<p>El sistema de amortiguaci\u00f3n hidr\u00e1ulica utiliza aceite de calidad automovil\u00edstica importado de EE.UU. para un rendimiento a nivel de pista, y es f\u00e1cil para los usuarios a\u00f1adir aceite adicional si es necesario.<\/p>\n<p>Con el kit se incluye un brazo extensor ajustable en ambos ejes, que permite a los usuarios colocar mejor el brazo para distintas configuraciones y colocaciones de veh\u00edculos.<\/p>\n<p>El soporte de manillar para Hydra Alien Mini permite a los usuarios montar el brazo amortiguador Alien Mini en bicicletas, bicicletas el\u00e9ctricas y motocicletas.<\/p>\n<p>Este accesorio basado en una abrazadera cuenta con un casquillo desmontable que admite di\u00e1metros de manillar de 22,2 mm o 28,8 mm. Esto permite a los usuarios incorporar f\u00e1cilmente la Hydra Alien Mini a veh\u00edculos en los que no cabe una ventosa tradicional.<\/p>\n<p>El Cabezal Amortiguador es una herramienta dise\u00f1ada para contrarrestar las microvibraciones que pueden comprometer la estabilidad de la imagen. Este accesorio especializado mejora el rendimiento de la Alien Mini, garantizando unos resultados suaves y de calidad profesional incluso en condiciones de disparo dif\u00edciles.<\/p>\n<p>La ventosa electr\u00f3nica incluida es una ventosa que funciona con pilas y tiene capacidad para controlar la presi\u00f3n en tiempo real y aumentar autom\u00e1ticamente la succi\u00f3n en caso de fuga.<\/p>\n<p>Con una bater\u00eda integrada de 2000 mAh, puede funcionar durante m\u00e1s de 14 horas seguidas en condiciones normales. La bater\u00eda tambi\u00e9n admite una entrada de alimentaci\u00f3n externa USB-C de 5 V\/1 A, lo que permite disparar sin interrupciones durante a\u00fan m\u00e1s tiempo mediante fuentes de alimentaci\u00f3n adicionales.<\/p>\n<p>*Los datos se basan en pruebas realizadas en el mundo real por el Laboratorio de Tilta, pero la duraci\u00f3n real de la bater\u00eda puede disminuir y variar debido a numerosos factores.*<\/p>\n<p><strong>NOTA: El cabezal amortiguador s\u00f3lo es compatible con el DJI Osmo Pocket 3<\/strong><\/p>\n","protected":false},"excerpt":{"rendered":"<p>Presentamos el Mini Kit Maestro Hydra Alien Inspirado en la est\u00e9tica de dise\u00f1o del Brazo Hydra, este compacto brazo amortiguador establece un nuevo est\u00e1ndar para los sistemas ligeros de montaje en el autom\u00f3vil. Este brazo en miniatura es compatible con [&hellip;]<\/p>\n","protected":false},"featured_media":2026815,"comment_status":"open","ping_status":"closed","template":"","meta":[],"product_cat":[3261],"product_tag":[],"acf":[],"gallery_images":[2026809,2026803,2026797,2026791,2026785,2026779],"_links":{"self":[{"href":"https:\/\/eu.tilta.com\/es\/wp-json\/wp\/v2\/product\/2026819"}],"collection":[{"href":"https:\/\/eu.tilta.com\/es\/wp-json\/wp\/v2\/product"}],"about":[{"href":"https:\/\/eu.tilta.com\/es\/wp-json\/wp\/v2\/types\/product"}],"replies":[{"embeddable":true,"href":"https:\/\/eu.tilta.com\/es\/wp-json\/wp\/v2\/comments?post=2026819"}],"wp:featuredmedia":[{"embeddable":true,"href":"https:\/\/eu.tilta.com\/es\/wp-json\/wp\/v2\/media\/2026815"}],"wp:attachment":[{"href":"https:\/\/eu.tilta.com\/es\/wp-json\/wp\/v2\/media?parent=2026819"}],"wp:term":[{"taxonomy":"product_cat","embeddable":true,"href":"https:\/\/eu.tilta.com\/es\/wp-json\/wp\/v2\/product_cat?post=2026819"},{"taxonomy":"product_tag","embeddable":true,"href":"https:\/\/eu.tilta.com\/es\/wp-json\/wp\/v2\/product_tag?post=2026819"}],"curies":[{"name":"wp","href":"https:\/\/api.w.org\/{rel}","templated":true}]}}