{"id":2026871,"date":"2025-01-08T11:07:11","date_gmt":"2025-01-08T10:07:11","guid":{"rendered":"https:\/\/eu.tilta.com\/shop\/placa-posterior-magnetica-multifuncional-khronos-para-iphone-16-pro-pro-max\/"},"modified":"2026-04-15T03:54:43","modified_gmt":"2026-04-15T01:54:43","slug":"khronos-multi-functional-magnetic-backplate-for-iphone-16-pro-pro-max","status":"publish","type":"product","link":"https:\/\/eu.tilta.com\/es\/shop\/khronos-multi-functional-magnetic-backplate-for-iphone-16-pro-pro-max\/","title":{"rendered":"Placa posterior magn\u00e9tica multifuncional Khronos para iPhone 16 Pro\/Pro Max"},"content":{"rendered":"<p>Presentamos la placa trasera magn\u00e9tica multifuncional para iPhone<\/p>\n<p>Esta placa trasera se conecta al iPhone mediante una conexi\u00f3n magn\u00e9tica y ampl\u00eda la funcionalidad a la hora de filmar y en el uso diario.<\/p>\n<p>El soporte ajustable ofrece una forma c\u00f3moda de apoyar el smartphone en una superficie plana.<\/p>\n<p>La correa de dedo desplegable proporciona una opci\u00f3n m\u00e1s segura para manejar y manipular el smartphone.<\/p>\n<p>Cuando se utiliza la Funda Khronos, esta Placa Trasera puede bloquearse a\u00fan m\u00e1s en su sitio, lo que crea una conexi\u00f3n a\u00fan m\u00e1s fuerte.<\/p>\n","protected":false},"excerpt":{"rendered":"<p>Presentamos la placa trasera magn\u00e9tica multifuncional para iPhone Esta placa trasera se conecta al iPhone mediante una conexi\u00f3n magn\u00e9tica y ampl\u00eda la funcionalidad a la hora de filmar y en el uso diario. El soporte ajustable ofrece una forma c\u00f3moda [&hellip;]<\/p>\n","protected":false},"featured_media":2026120,"comment_status":"open","ping_status":"closed","template":"","meta":[],"product_cat":[4448,3500,3351,4496,2943],"product_tag":[],"acf":[],"gallery_images":[2025969,2017643,2017649,2017637],"_links":{"self":[{"href":"https:\/\/eu.tilta.com\/es\/wp-json\/wp\/v2\/product\/2026871"}],"collection":[{"href":"https:\/\/eu.tilta.com\/es\/wp-json\/wp\/v2\/product"}],"about":[{"href":"https:\/\/eu.tilta.com\/es\/wp-json\/wp\/v2\/types\/product"}],"replies":[{"embeddable":true,"href":"https:\/\/eu.tilta.com\/es\/wp-json\/wp\/v2\/comments?post=2026871"}],"wp:featuredmedia":[{"embeddable":true,"href":"https:\/\/eu.tilta.com\/es\/wp-json\/wp\/v2\/media\/2026120"}],"wp:attachment":[{"href":"https:\/\/eu.tilta.com\/es\/wp-json\/wp\/v2\/media?parent=2026871"}],"wp:term":[{"taxonomy":"product_cat","embeddable":true,"href":"https:\/\/eu.tilta.com\/es\/wp-json\/wp\/v2\/product_cat?post=2026871"},{"taxonomy":"product_tag","embeddable":true,"href":"https:\/\/eu.tilta.com\/es\/wp-json\/wp\/v2\/product_tag?post=2026871"}],"curies":[{"name":"wp","href":"https:\/\/api.w.org\/{rel}","templated":true}]}}