{"id":2026916,"date":"2025-01-08T08:55:56","date_gmt":"2025-01-08T07:55:56","guid":{"rendered":"https:\/\/eu.tilta.com\/shop\/soporte-de-rosetas-para-ventosas-electronicas-45%e2%80%b3-gris-titanio\/"},"modified":"2026-02-16T09:01:12","modified_gmt":"2026-02-16T08:01:12","slug":"rosette-mounting-bracket-for-electronic-suction-cup-4-5%e2%80%b3-titanium-grey","status":"publish","type":"product","link":"https:\/\/eu.tilta.com\/es\/shop\/rosette-mounting-bracket-for-electronic-suction-cup-4-5%e2%80%b3-titanium-grey\/","title":{"rendered":"Soporte de rosetas para ventosas electr\u00f3nicas (4,5\u2033) &#8211; Gris titanio"},"content":{"rendered":"<p>Este soporte de montaje est\u00e1 dise\u00f1ado a medida para la ventosa electr\u00f3nica de 4,5\u2033.<\/p>\n<p>Pueden montarse o desmontarse f\u00e1cilmente para alojar diversos accesorios y sistemas de soporte.<\/p>\n<p>El soporte se monta en la ventosa mediante cuatro tornillos M4, lo que crea una conexi\u00f3n segura y f\u00e1cil de cambiar si es necesario.<\/p>\n<p>Esta opci\u00f3n incluye una Conexi\u00f3n de Roseta compatible con Arri que puede utilizarse para montar el Brazo Amortiguador Hydra Alien Mini.<\/p>\n","protected":false},"excerpt":{"rendered":"<p>Este soporte de montaje est\u00e1 dise\u00f1ado a medida para la ventosa electr\u00f3nica de 4,5\u2033. Pueden montarse o desmontarse f\u00e1cilmente para alojar diversos accesorios y sistemas de soporte. El soporte se monta en la ventosa mediante cuatro tornillos M4, lo que [&hellip;]<\/p>\n","protected":false},"featured_media":2025791,"comment_status":"open","ping_status":"closed","template":"","meta":[],"product_cat":[4448,2726],"product_tag":[],"acf":[],"gallery_images":[2025785],"_links":{"self":[{"href":"https:\/\/eu.tilta.com\/es\/wp-json\/wp\/v2\/product\/2026916"}],"collection":[{"href":"https:\/\/eu.tilta.com\/es\/wp-json\/wp\/v2\/product"}],"about":[{"href":"https:\/\/eu.tilta.com\/es\/wp-json\/wp\/v2\/types\/product"}],"replies":[{"embeddable":true,"href":"https:\/\/eu.tilta.com\/es\/wp-json\/wp\/v2\/comments?post=2026916"}],"wp:featuredmedia":[{"embeddable":true,"href":"https:\/\/eu.tilta.com\/es\/wp-json\/wp\/v2\/media\/2025791"}],"wp:attachment":[{"href":"https:\/\/eu.tilta.com\/es\/wp-json\/wp\/v2\/media?parent=2026916"}],"wp:term":[{"taxonomy":"product_cat","embeddable":true,"href":"https:\/\/eu.tilta.com\/es\/wp-json\/wp\/v2\/product_cat?post=2026916"},{"taxonomy":"product_tag","embeddable":true,"href":"https:\/\/eu.tilta.com\/es\/wp-json\/wp\/v2\/product_tag?post=2026916"}],"curies":[{"name":"wp","href":"https:\/\/api.w.org\/{rel}","templated":true}]}}