{"id":2026951,"date":"2025-01-08T07:13:10","date_gmt":"2025-01-08T06:13:10","guid":{"rendered":"https:\/\/eu.tilta.com\/shop\/funda-khronos-iphone-16-pro-pro-max\/"},"modified":"2026-04-15T03:55:05","modified_gmt":"2026-04-15T01:55:05","slug":"khronos-iphone-16-pro-pro-max-case","status":"publish","type":"product","link":"https:\/\/eu.tilta.com\/es\/shop\/khronos-iphone-16-pro-pro-max-case\/","title":{"rendered":"Funda Khronos iPhone 16 Pro\/Pro Max"},"content":{"rendered":"<p>Presentamos la Funda Khronos iPhone 16 Pro \/ Pro Max, la nueva generaci\u00f3n de filmaci\u00f3n m\u00f3vil.<\/p>\n<p>Dise\u00f1ada meticulosamente para los dos modelos de iPhone 16, esta funda para smartphone inspirada en la jaula de la c\u00e1mara ofrece una mezcla inigualable de funcionalidad y elegancia.Fabricada para proteger tu tel\u00e9fono del desgaste diario, la funda Khronos ofrece una protecci\u00f3n fiable sin renunciar al estilo ni a la funcionalidad.<\/p>\n<p>La instalaci\u00f3n es m\u00e1s f\u00e1cil que nunca, ya que esta funda actualizada cuenta con un dise\u00f1o de enganche r\u00e1pido, que permite a los usuarios instalar o retirar la funda r\u00e1pidamente, al tiempo que garantiza que todos los accesorios conectados permanezcan firmemente sujetos.<\/p>\n<p>Equipado con m\u00faltiples puntos de montaje, el innovador mecanismo de abrazadera de bloqueo garantiza conexiones seguras para accesorios adicionales como asas laterales Focus, m\u00f3dulos de refrigeraci\u00f3n, filtros, luces de a bordo, concentradores USB-C y mucho m\u00e1s.<\/p>\n<p>La carcasa Khronos incorpora puntos de contacto electr\u00f3nicos integrados en toda la carcasa, lo que te permite pasar energ\u00eda a trav\u00e9s de ella para alimentar tus accesorios cuando utilices un Asa de Potencia opcional. Una novedad del 16 es la barra t\u00e1ctil de control de la c\u00e1mara, que permite a los usuarios acceder completamente a la funcionalidad de la barra t\u00e1ctil del iPhone 16.<\/p>\n<p>Disponible en gris espacial, blanco titanio, verde bosque, negro y naranja, la funda Khronos complementa el dise\u00f1o de tu iPhone a la vez que le a\u00f1ade un toque de estilo.<\/p>\n<p>Derivado de la palabra griega que significa &#8220;tiempo&#8221;, el nombre &#8220;Khronos&#8221; encarna un concepto profundo. M\u00e1s que una funda de tel\u00e9fono, sirve como recipiente para conservar los recuerdos m\u00e1s preciados compartidos entre familiares, amigos y seres queridos.<\/p>\n<p>Experimenta la filmaci\u00f3n como nunca antes con la Funda Khronos iPhone 16 Pro \/ Pro Max: donde la innovaci\u00f3n se une a la pasi\u00f3n.<\/p>\n","protected":false},"excerpt":{"rendered":"<p>Presentamos la Funda Khronos iPhone 16 Pro \/ Pro Max, la nueva generaci\u00f3n de filmaci\u00f3n m\u00f3vil. Dise\u00f1ada meticulosamente para los dos modelos de iPhone 16, esta funda para smartphone inspirada en la jaula de la c\u00e1mara ofrece una mezcla inigualable [&hellip;]<\/p>\n","protected":false},"featured_media":2017673,"comment_status":"open","ping_status":"closed","template":"","meta":[],"product_cat":[3351,4496,2943],"product_tag":[],"acf":[],"gallery_images":[2017667,2017661,2017655,2017649,2017643,2017637],"_links":{"self":[{"href":"https:\/\/eu.tilta.com\/es\/wp-json\/wp\/v2\/product\/2026951"}],"collection":[{"href":"https:\/\/eu.tilta.com\/es\/wp-json\/wp\/v2\/product"}],"about":[{"href":"https:\/\/eu.tilta.com\/es\/wp-json\/wp\/v2\/types\/product"}],"replies":[{"embeddable":true,"href":"https:\/\/eu.tilta.com\/es\/wp-json\/wp\/v2\/comments?post=2026951"}],"wp:featuredmedia":[{"embeddable":true,"href":"https:\/\/eu.tilta.com\/es\/wp-json\/wp\/v2\/media\/2017673"}],"wp:attachment":[{"href":"https:\/\/eu.tilta.com\/es\/wp-json\/wp\/v2\/media?parent=2026951"}],"wp:term":[{"taxonomy":"product_cat","embeddable":true,"href":"https:\/\/eu.tilta.com\/es\/wp-json\/wp\/v2\/product_cat?post=2026951"},{"taxonomy":"product_tag","embeddable":true,"href":"https:\/\/eu.tilta.com\/es\/wp-json\/wp\/v2\/product_tag?post=2026951"}],"curies":[{"name":"wp","href":"https:\/\/api.w.org\/{rel}","templated":true}]}}