{"id":2027007,"date":"2025-01-08T06:58:40","date_gmt":"2025-01-08T05:58:40","guid":{"rendered":"https:\/\/eu.tilta.com\/shop\/kit-de-mini-bicicleta-hydra-alien-gris-titanio\/"},"modified":"2025-12-05T14:32:14","modified_gmt":"2025-12-05T13:32:14","slug":"hydra-alien-mini-biking-kit-titanium-grey","status":"publish","type":"product","link":"https:\/\/eu.tilta.com\/es\/shop\/hydra-alien-mini-biking-kit-titanium-grey\/","title":{"rendered":"Kit de Mini Bicicleta Hydra Alien &#8211; Gris Titanio"},"content":{"rendered":"<p><em>Presentamos el sistema de montaje para minicoches Hydra Alien &#8211; Kit de ciclismo<\/em><\/p>\n<p>Inspirado en la est\u00e9tica de dise\u00f1o del Brazo Hydra, este compacto brazo amortiguador establece un nuevo est\u00e1ndar para los sistemas ligeros de montaje en el autom\u00f3vil.<\/p>\n<p>Este brazo en miniatura es compatible con sistemas de c\u00e1mara m\u00e1s peque\u00f1os, como la DJI Action 3\/4, la DJI Pocket 3, la Insta360 X4\/X3 y cualquier otro sistema que pese hasta 1,32 libras, incluidos los tel\u00e9fonos inteligentes con nuestro Ecosistema Khronos.<\/p>\n<p>El sistema de amortiguaci\u00f3n hidr\u00e1ulica utiliza aceite de calidad automovil\u00edstica importado de EE.UU. para un rendimiento a nivel de pista, y es f\u00e1cil para los usuarios a\u00f1adir aceite adicional si es necesario.<\/p>\n<p>Fabricado a partir de una aleaci\u00f3n de aluminio aeroespacial de alto rendimiento y mecanizado con CNC de precisi\u00f3n a partir de una sola pieza, el kit completo s\u00f3lo pesa 982,5 g (2,17 lb).<\/p>\n<p>El soporte de manillar para Hydra Alien Mini permite a los usuarios montar el brazo amortiguador Alien Mini en bicicletas, bicicletas el\u00e9ctricas y motocicletas.<\/p>\n<p>Este accesorio basado en una abrazadera cuenta con un casquillo desmontable que admite di\u00e1metros de manillar de 22,2 mm o 28,8 mm. Esto permite a los usuarios incorporar f\u00e1cilmente la Hydra Alien Mini a veh\u00edculos en los que no cabe una ventosa tradicional.<\/p>\n<p>El Cabezal Amortiguador es una herramienta dise\u00f1ada para contrarrestar las microvibraciones que pueden comprometer la estabilidad de la imagen. Este accesorio especializado mejora el rendimiento de la Alien Mini, garantizando unos resultados suaves y de calidad profesional incluso en condiciones de disparo dif\u00edciles.<\/p>\n<p>Fabricado con precisi\u00f3n y dise\u00f1ado espec\u00edficamente para la Hydra Alien Mini, el cabezal amortiguador se integra perfectamente en tu configuraci\u00f3n actual.<\/p>\n<p>Su robusta construcci\u00f3n, que utiliza aleaci\u00f3n de aluminio y caucho de alta calidad, garantiza su durabilidad y longevidad, mientras que su perfil ligero asegura un impacto m\u00ednimo en tu capacidad de carga \u00fatil.<\/p>\n<p><strong>NOTA: El cabezal amortiguador s\u00f3lo es compatible con el DJI Osmo Pocket 3<\/strong><\/p>\n","protected":false},"excerpt":{"rendered":"<p>Presentamos el sistema de montaje para minicoches Hydra Alien &#8211; Kit de ciclismo Inspirado en la est\u00e9tica de dise\u00f1o del Brazo Hydra, este compacto brazo amortiguador establece un nuevo est\u00e1ndar para los sistemas ligeros de montaje en el autom\u00f3vil. Este [&hellip;]<\/p>\n","protected":false},"featured_media":2025768,"comment_status":"open","ping_status":"closed","template":"","meta":[],"product_cat":[3261],"product_tag":[],"acf":[],"gallery_images":[2025678,2025684,2025690,2025696,2025720,2025726],"_links":{"self":[{"href":"https:\/\/eu.tilta.com\/es\/wp-json\/wp\/v2\/product\/2027007"}],"collection":[{"href":"https:\/\/eu.tilta.com\/es\/wp-json\/wp\/v2\/product"}],"about":[{"href":"https:\/\/eu.tilta.com\/es\/wp-json\/wp\/v2\/types\/product"}],"replies":[{"embeddable":true,"href":"https:\/\/eu.tilta.com\/es\/wp-json\/wp\/v2\/comments?post=2027007"}],"wp:featuredmedia":[{"embeddable":true,"href":"https:\/\/eu.tilta.com\/es\/wp-json\/wp\/v2\/media\/2025768"}],"wp:attachment":[{"href":"https:\/\/eu.tilta.com\/es\/wp-json\/wp\/v2\/media?parent=2027007"}],"wp:term":[{"taxonomy":"product_cat","embeddable":true,"href":"https:\/\/eu.tilta.com\/es\/wp-json\/wp\/v2\/product_cat?post=2027007"},{"taxonomy":"product_tag","embeddable":true,"href":"https:\/\/eu.tilta.com\/es\/wp-json\/wp\/v2\/product_tag?post=2027007"}],"curies":[{"name":"wp","href":"https:\/\/api.w.org\/{rel}","templated":true}]}}