{"id":2080318,"date":"2025-02-11T11:26:07","date_gmt":"2025-02-11T10:26:07","guid":{"rendered":"https:\/\/eu.tilta.com\/shop\/soporte-giratorio-para-telefono-tilta-v2-15-mm-gris-titanio\/"},"modified":"2025-12-05T14:10:30","modified_gmt":"2025-12-05T13:10:30","slug":"tilta-rotatable-phone-mounting-bracket-v2-15mm-titanium-grey","status":"publish","type":"product","link":"https:\/\/eu.tilta.com\/es\/shop\/tilta-rotatable-phone-mounting-bracket-v2-15mm-titanium-grey\/","title":{"rendered":"Soporte giratorio para tel\u00e9fono Tilta V2 (15 mm) &#8211; Gris titanio"},"content":{"rendered":"<p>El Soporte de montaje para tel\u00e9fono giratorio Tilta V2 permite a los usuarios integrar f\u00e1cilmente su smartphone con su c\u00e1mara o sistema de soporte.<\/p>\n<p>Este soporte de montaje prioriza la flexibilidad, con un rango de inclinaci\u00f3n de 180 grados y un rango de rotaci\u00f3n de 360 grados.<\/p>\n<p>El centro de atenci\u00f3n de este accesorio es una pinza ajustable que se adapta a dispositivos de entre 60 mm y 90 mm de ancho.<\/p>\n<p>Esta pinza incorpora un acolchado de silicona que protege los dispositivos de ara\u00f1azos y mejora el agarre de la pinza para una conexi\u00f3n m\u00e1s segura.<\/p>\n<p>Los puntos de montaje adicionales admiten accesorios que utilizan zapatas fr\u00edas o roscas de 1\/4\u2033-20, lo que permite posibilidades de montaje \u00fanicas.<\/p>\n<p>La montura de varilla de 15 mm la hace ideal para conectarla a equipos de c\u00e1mara que utilicen varillas de 15 mm o al brazo de soporte central de la Hydra Alien Mini.<\/p>\n","protected":false},"excerpt":{"rendered":"<p>El Soporte de montaje para tel\u00e9fono giratorio Tilta V2 permite a los usuarios integrar f\u00e1cilmente su smartphone con su c\u00e1mara o sistema de soporte. Este soporte de montaje prioriza la flexibilidad, con un rango de inclinaci\u00f3n de 180 grados y [&hellip;]<\/p>\n","protected":false},"featured_media":2072378,"comment_status":"open","ping_status":"closed","template":"","meta":[],"product_cat":[3261],"product_tag":[],"acf":[],"gallery_images":[2072385,2072393,2072401,2072410],"_links":{"self":[{"href":"https:\/\/eu.tilta.com\/es\/wp-json\/wp\/v2\/product\/2080318"}],"collection":[{"href":"https:\/\/eu.tilta.com\/es\/wp-json\/wp\/v2\/product"}],"about":[{"href":"https:\/\/eu.tilta.com\/es\/wp-json\/wp\/v2\/types\/product"}],"replies":[{"embeddable":true,"href":"https:\/\/eu.tilta.com\/es\/wp-json\/wp\/v2\/comments?post=2080318"}],"wp:featuredmedia":[{"embeddable":true,"href":"https:\/\/eu.tilta.com\/es\/wp-json\/wp\/v2\/media\/2072378"}],"wp:attachment":[{"href":"https:\/\/eu.tilta.com\/es\/wp-json\/wp\/v2\/media?parent=2080318"}],"wp:term":[{"taxonomy":"product_cat","embeddable":true,"href":"https:\/\/eu.tilta.com\/es\/wp-json\/wp\/v2\/product_cat?post=2080318"},{"taxonomy":"product_tag","embeddable":true,"href":"https:\/\/eu.tilta.com\/es\/wp-json\/wp\/v2\/product_tag?post=2080318"}],"curies":[{"name":"wp","href":"https:\/\/api.w.org\/{rel}","templated":true}]}}