{"id":2080319,"date":"2025-02-13T08:00:09","date_gmt":"2025-02-13T07:00:09","guid":{"rendered":"https:\/\/eu.tilta.com\/shop\/tripode-vlog-extensible-tilta-1kg\/"},"modified":"2026-04-30T10:01:23","modified_gmt":"2026-04-30T08:01:23","slug":"tilta-extendable-vlog-tripod-1kg","status":"publish","type":"product","link":"https:\/\/eu.tilta.com\/es\/shop\/tilta-extendable-vlog-tripod-1kg\/","title":{"rendered":"Tr\u00edpode Vlog Extensible Tilta (1KG)"},"content":{"rendered":"<p><em>Presentamos el Tr\u00edpode Vlog Extensible Tilta  <\/em><\/p>\n<p>Este tr\u00edpode ligero soporta hasta 1KG, acomodando con seguridad la mayor\u00eda de c\u00e1maras sin espejo, smartphones y c\u00e1maras de acci\u00f3n.<\/p>\n<p>Con una columna central telesc\u00f3pica, este tr\u00edpode puede extenderse hasta 370 mm, lo que permite que esta unidad funcione tambi\u00e9n como palo selfie.<\/p>\n<p>Puede plegarse hasta 188 mm y pesa s\u00f3lo 142 g, lo que la convierte en una opci\u00f3n ideal para vloggers o usuarios que viajan a menudo.<\/p>\n<p>Una ranura de disparo vertical integrada permite colocar la cabeza esf\u00e9rica en un \u00e1ngulo de 90\u00b0 respecto al tr\u00edpode. Es perfecto para disparar en vertical y tambi\u00e9n se puede utilizar para \u00e1ngulos descendentes o ascendentes.<\/p>\n<p>La base de la cabeza esf\u00e9rica tambi\u00e9n cuenta con una rosca de 1\/4\u2033-20 con puntos de localizaci\u00f3n, que permite a los usuarios montar diversos accesorios, como brazos articulados, monturas de zapata fr\u00eda, luces de a bordo, micr\u00f3fonos y mucho m\u00e1s.<\/p>\n","protected":false},"excerpt":{"rendered":"<p>Presentamos el Tr\u00edpode Vlog Extensible Tilta Este tr\u00edpode ligero soporta hasta 1KG, acomodando con seguridad la mayor\u00eda de c\u00e1maras sin espejo, smartphones y c\u00e1maras de acci\u00f3n. Con una columna central telesc\u00f3pica, este tr\u00edpode puede extenderse hasta 370 mm, lo que [&hellip;]<\/p>\n","protected":false},"featured_media":2074138,"comment_status":"open","ping_status":"closed","template":"","meta":[],"product_cat":[3366,3297,3307],"product_tag":[],"acf":[],"gallery_images":[2074144,2074150,2074156,2074162,2074126,2074132,2074120],"_links":{"self":[{"href":"https:\/\/eu.tilta.com\/es\/wp-json\/wp\/v2\/product\/2080319"}],"collection":[{"href":"https:\/\/eu.tilta.com\/es\/wp-json\/wp\/v2\/product"}],"about":[{"href":"https:\/\/eu.tilta.com\/es\/wp-json\/wp\/v2\/types\/product"}],"replies":[{"embeddable":true,"href":"https:\/\/eu.tilta.com\/es\/wp-json\/wp\/v2\/comments?post=2080319"}],"wp:featuredmedia":[{"embeddable":true,"href":"https:\/\/eu.tilta.com\/es\/wp-json\/wp\/v2\/media\/2074138"}],"wp:attachment":[{"href":"https:\/\/eu.tilta.com\/es\/wp-json\/wp\/v2\/media?parent=2080319"}],"wp:term":[{"taxonomy":"product_cat","embeddable":true,"href":"https:\/\/eu.tilta.com\/es\/wp-json\/wp\/v2\/product_cat?post=2080319"},{"taxonomy":"product_tag","embeddable":true,"href":"https:\/\/eu.tilta.com\/es\/wp-json\/wp\/v2\/product_tag?post=2080319"}],"curies":[{"name":"wp","href":"https:\/\/api.w.org\/{rel}","templated":true}]}}