{"id":2080344,"date":"2025-02-11T09:12:54","date_gmt":"2025-02-11T08:12:54","guid":{"rendered":"https:\/\/eu.tilta.com\/shop\/correa-de-hombro-tilta\/"},"modified":"2025-12-05T14:11:02","modified_gmt":"2025-12-05T13:11:02","slug":"tilta-shoulder-strap","status":"publish","type":"product","link":"https:\/\/eu.tilta.com\/es\/shop\/tilta-shoulder-strap\/","title":{"rendered":"Correa de hombro Tilta"},"content":{"rendered":"<p>La correa de hombro Tilta es el accesorio perfecto para fot\u00f3grafos o vide\u00f3grafos en movimiento.<\/p>\n<p>Este ligero accesorio se monta en los enganches de la correa de la mayor\u00eda de los cuerpos de c\u00e1mara para transportar y manejar tu c\u00e1mara con seguridad.<\/p>\n<p>La longitud ajustable lo hace c\u00f3modo para diversos sistemas y operadores.<\/p>\n<p>Tambi\u00e9n se puede utilizar con nuestras hebillas de cuero para correas de hombro, para poner o quitar r\u00e1pidamente la correa.<\/p>\n","protected":false},"excerpt":{"rendered":"<p>La correa de hombro Tilta es el accesorio perfecto para fot\u00f3grafos o vide\u00f3grafos en movimiento. Este ligero accesorio se monta en los enganches de la correa de la mayor\u00eda de los cuerpos de c\u00e1mara para transportar y manejar tu c\u00e1mara [&hellip;]<\/p>\n","protected":false},"featured_media":2071186,"comment_status":"open","ping_status":"closed","template":"","meta":[],"product_cat":[3248,3904,3363,3366,2843,2842,2748,2923],"product_tag":[],"acf":[],"gallery_images":[2071176,2071169,2071163,2071157],"_links":{"self":[{"href":"https:\/\/eu.tilta.com\/es\/wp-json\/wp\/v2\/product\/2080344"}],"collection":[{"href":"https:\/\/eu.tilta.com\/es\/wp-json\/wp\/v2\/product"}],"about":[{"href":"https:\/\/eu.tilta.com\/es\/wp-json\/wp\/v2\/types\/product"}],"replies":[{"embeddable":true,"href":"https:\/\/eu.tilta.com\/es\/wp-json\/wp\/v2\/comments?post=2080344"}],"wp:featuredmedia":[{"embeddable":true,"href":"https:\/\/eu.tilta.com\/es\/wp-json\/wp\/v2\/media\/2071186"}],"wp:attachment":[{"href":"https:\/\/eu.tilta.com\/es\/wp-json\/wp\/v2\/media?parent=2080344"}],"wp:term":[{"taxonomy":"product_cat","embeddable":true,"href":"https:\/\/eu.tilta.com\/es\/wp-json\/wp\/v2\/product_cat?post=2080344"},{"taxonomy":"product_tag","embeddable":true,"href":"https:\/\/eu.tilta.com\/es\/wp-json\/wp\/v2\/product_tag?post=2080344"}],"curies":[{"name":"wp","href":"https:\/\/api.w.org\/{rel}","templated":true}]}}