{"id":2080369,"date":"2025-01-08T10:11:41","date_gmt":"2025-01-08T09:11:41","guid":{"rendered":"https:\/\/eu.tilta.com\/shop\/sistema-de-refrigeracion-khronos-v2-para-iphone-16-pro-pro-max\/"},"modified":"2026-04-15T03:55:06","modified_gmt":"2026-04-15T01:55:06","slug":"khronos-cooling-system-v2-for-iphone-16-pro-pro-max","status":"publish","type":"product","link":"https:\/\/eu.tilta.com\/es\/shop\/khronos-cooling-system-v2-for-iphone-16-pro-pro-max\/","title":{"rendered":"Sistema de refrigeraci\u00f3n Khronos V2 para iPhone 16 Pro\/Pro Max"},"content":{"rendered":"<p>Presentamos el sistema de refrigeraci\u00f3n Khronos para el iPhone 16 Pro\/Pro Max<\/p>\n<p>Experimenta una refrigeraci\u00f3n avanzada con el sistema de refrigeraci\u00f3n Khronos, dise\u00f1ado espec\u00edficamente para el iPhone 16 Pro y Pro Max, con o sin la funda Khronos para iPhone.<\/p>\n<p>Este innovador sistema incorpora un disipador de calor de frecuencia variable de 22 W, capaz de alcanzar una velocidad m\u00e1xima de 6.700 rpm, lo que garantiza una disipaci\u00f3n eficaz y r\u00e1pida del calor. Alcanza una temperatura de refrigeraci\u00f3n notablemente baja de 39 \u00b0F para un rendimiento \u00f3ptimo del dispositivo.<\/p>\n<p>Equipado con una opci\u00f3n de carga multifunci\u00f3n de 5W\/10W, s\u00f3lo tienes que conectarlo a una fuente de alimentaci\u00f3n externa mediante USB-C para cargar simult\u00e1neamente tu iPhone y mantener su temperatura.<br \/>\nEl disipador de calor utiliza la conexi\u00f3n magn\u00e9tica inal\u00e1mbrica MagSafe, mejorada con un n\u00facleo magn\u00e9tico incorporado de grado militar N52, que ofrece una robusta fuerza magn\u00e9tica para una fijaci\u00f3n estable y segura.<\/p>\n<p>Aumenta la capacidad de refrigeraci\u00f3n de tu iPhone con el sistema de refrigeraci\u00f3n Khronos, que garantiza una vida \u00fatil prolongada del dispositivo y un rendimiento ininterrumpido.<\/p>\n","protected":false},"excerpt":{"rendered":"<p>Presentamos el sistema de refrigeraci\u00f3n Khronos para el iPhone 16 Pro\/Pro Max Experimenta una refrigeraci\u00f3n avanzada con el sistema de refrigeraci\u00f3n Khronos, dise\u00f1ado espec\u00edficamente para el iPhone 16 Pro y Pro Max, con o sin la funda Khronos para iPhone. [&hellip;]<\/p>\n","protected":false},"featured_media":2025910,"comment_status":"open","ping_status":"closed","template":"","meta":[],"product_cat":[3500,3351,4207,4496],"product_tag":[],"acf":[],"gallery_images":[2025900],"_links":{"self":[{"href":"https:\/\/eu.tilta.com\/es\/wp-json\/wp\/v2\/product\/2080369"}],"collection":[{"href":"https:\/\/eu.tilta.com\/es\/wp-json\/wp\/v2\/product"}],"about":[{"href":"https:\/\/eu.tilta.com\/es\/wp-json\/wp\/v2\/types\/product"}],"replies":[{"embeddable":true,"href":"https:\/\/eu.tilta.com\/es\/wp-json\/wp\/v2\/comments?post=2080369"}],"wp:featuredmedia":[{"embeddable":true,"href":"https:\/\/eu.tilta.com\/es\/wp-json\/wp\/v2\/media\/2025910"}],"wp:attachment":[{"href":"https:\/\/eu.tilta.com\/es\/wp-json\/wp\/v2\/media?parent=2080369"}],"wp:term":[{"taxonomy":"product_cat","embeddable":true,"href":"https:\/\/eu.tilta.com\/es\/wp-json\/wp\/v2\/product_cat?post=2080369"},{"taxonomy":"product_tag","embeddable":true,"href":"https:\/\/eu.tilta.com\/es\/wp-json\/wp\/v2\/product_tag?post=2080369"}],"curies":[{"name":"wp","href":"https:\/\/api.w.org\/{rel}","templated":true}]}}