{"id":2080386,"date":"2025-02-11T09:25:43","date_gmt":"2025-02-11T08:25:43","guid":{"rendered":"https:\/\/eu.tilta.com\/shop\/hebilla-de-correa-de-hombro-de-piel-tilta-negro%ef%bc%88par\/"},"modified":"2026-02-16T09:01:15","modified_gmt":"2026-02-16T08:01:15","slug":"tilta-leather-shoulder-strap-buckle-black%ef%bc%88pair","status":"publish","type":"product","link":"https:\/\/eu.tilta.com\/es\/shop\/tilta-leather-shoulder-strap-buckle-black%ef%bc%88pair\/","title":{"rendered":"Hebilla de correa de hombro de piel Tilta &#8211; Negro\uff08Par)"},"content":{"rendered":"<p>Estas hebillas de cuero para correa de hombro se fijan a los cuerpos de c\u00e1mara compatibles igual que una correa de c\u00e1mara tradicional.<\/p>\n<p>Permiten a los usuarios acoplar o desacoplar m\u00e1s f\u00e1cilmente las correas de la c\u00e1mara a su sistema, como nuestra correa de hombro Tilta.<\/p>\n<p>Esto es ideal para los usuarios que cambian a menudo entre fotograf\u00eda y videograf\u00eda.<\/p>\n","protected":false},"excerpt":{"rendered":"<p>Estas hebillas de cuero para correa de hombro se fijan a los cuerpos de c\u00e1mara compatibles igual que una correa de c\u00e1mara tradicional. Permiten a los usuarios acoplar o desacoplar m\u00e1s f\u00e1cilmente las correas de la c\u00e1mara a su sistema, [&hellip;]<\/p>\n","protected":false},"featured_media":2071192,"comment_status":"open","ping_status":"closed","template":"","meta":[],"product_cat":[3248,3904,3363,3366,2843,2842,2748,2923],"product_tag":[],"acf":[],"gallery_images":[],"_links":{"self":[{"href":"https:\/\/eu.tilta.com\/es\/wp-json\/wp\/v2\/product\/2080386"}],"collection":[{"href":"https:\/\/eu.tilta.com\/es\/wp-json\/wp\/v2\/product"}],"about":[{"href":"https:\/\/eu.tilta.com\/es\/wp-json\/wp\/v2\/types\/product"}],"replies":[{"embeddable":true,"href":"https:\/\/eu.tilta.com\/es\/wp-json\/wp\/v2\/comments?post=2080386"}],"wp:featuredmedia":[{"embeddable":true,"href":"https:\/\/eu.tilta.com\/es\/wp-json\/wp\/v2\/media\/2071192"}],"wp:attachment":[{"href":"https:\/\/eu.tilta.com\/es\/wp-json\/wp\/v2\/media?parent=2080386"}],"wp:term":[{"taxonomy":"product_cat","embeddable":true,"href":"https:\/\/eu.tilta.com\/es\/wp-json\/wp\/v2\/product_cat?post=2080386"},{"taxonomy":"product_tag","embeddable":true,"href":"https:\/\/eu.tilta.com\/es\/wp-json\/wp\/v2\/product_tag?post=2080386"}],"curies":[{"name":"wp","href":"https:\/\/api.w.org\/{rel}","templated":true}]}}