{"id":2096258,"date":"2025-02-14T08:30:34","date_gmt":"2025-02-14T07:30:34","guid":{"rendered":"https:\/\/eu.tilta.com\/shop\/bandera-para-caja-mate-tilta-mirage-pro\/"},"modified":"2026-02-16T09:03:36","modified_gmt":"2026-02-16T08:03:36","slug":"flag-for-tilta-mirage-pro-matte-box","status":"publish","type":"product","link":"https:\/\/eu.tilta.com\/es\/shop\/flag-for-tilta-mirage-pro-matte-box\/","title":{"rendered":"Bandera para caja mate Tilta Mirage Pro"},"content":{"rendered":"<p><em>Presentamos las Banderas Superior, Inferior y Lateral para la Caja Mate Tilta Mirage Pro.<\/em><\/p>\n<p>Estas Banderas para la Caja Mate Mirage Pro se montan directamente en el cuerpo de la caja mate mediante tornillos de 1\/4\u2033-20 con pasadores de fijaci\u00f3n.<\/p>\n<p>Tienen la capacidad de bloquear los destellos incluso en las condiciones de iluminaci\u00f3n m\u00e1s dif\u00edciles.<\/p>\n<p>Tambi\u00e9n pueden expandirse o plegarse para bloquear la luz seg\u00fan sea necesario.<\/p>\n","protected":false},"excerpt":{"rendered":"<p>Presentamos las Banderas Superior, Inferior y Lateral para la Caja Mate Tilta Mirage Pro. Estas Banderas para la Caja Mate Mirage Pro se montan directamente en el cuerpo de la caja mate mediante tornillos de 1\/4\u2033-20 con pasadores de fijaci\u00f3n. [&hellip;]<\/p>\n","protected":false},"featured_media":2087523,"comment_status":"open","ping_status":"closed","template":"","meta":[],"product_cat":[3763,4448],"product_tag":[],"acf":[],"gallery_images":[],"_links":{"self":[{"href":"https:\/\/eu.tilta.com\/es\/wp-json\/wp\/v2\/product\/2096258"}],"collection":[{"href":"https:\/\/eu.tilta.com\/es\/wp-json\/wp\/v2\/product"}],"about":[{"href":"https:\/\/eu.tilta.com\/es\/wp-json\/wp\/v2\/types\/product"}],"replies":[{"embeddable":true,"href":"https:\/\/eu.tilta.com\/es\/wp-json\/wp\/v2\/comments?post=2096258"}],"wp:featuredmedia":[{"embeddable":true,"href":"https:\/\/eu.tilta.com\/es\/wp-json\/wp\/v2\/media\/2087523"}],"wp:attachment":[{"href":"https:\/\/eu.tilta.com\/es\/wp-json\/wp\/v2\/media?parent=2096258"}],"wp:term":[{"taxonomy":"product_cat","embeddable":true,"href":"https:\/\/eu.tilta.com\/es\/wp-json\/wp\/v2\/product_cat?post=2096258"},{"taxonomy":"product_tag","embeddable":true,"href":"https:\/\/eu.tilta.com\/es\/wp-json\/wp\/v2\/product_tag?post=2096258"}],"curies":[{"name":"wp","href":"https:\/\/api.w.org\/{rel}","templated":true}]}}