{"id":2096266,"date":"2025-02-14T07:44:20","date_gmt":"2025-02-14T06:44:20","guid":{"rendered":"https:\/\/eu.tilta.com\/shop\/adaptador-de-latigo-para-caja-de-mate-tilta-mirage-pro\/"},"modified":"2026-02-16T09:01:18","modified_gmt":"2026-02-16T08:01:18","slug":"whip-adapter-for-tilta-mirage-pro-matte-box","status":"publish","type":"product","link":"https:\/\/eu.tilta.com\/es\/shop\/whip-adapter-for-tilta-mirage-pro-matte-box\/","title":{"rendered":"Adaptador de l\u00e1tigo para caja de mate Tilta Mirage Pro"},"content":{"rendered":"<p>Presentamos el Adaptador de L\u00e1tigo para la Caja Mate Tilta Mirage Pro.<\/p>\n<p>Este Adaptador permite a los usuarios ajustar el Mecanismo de Inclinaci\u00f3n del Adaptador Basculante mediante un L\u00e1tigo de Enfoque.<\/p>\n<p>Esto permite a los usuarios combatir las im\u00e1genes fantasma y otros artefactos reflectantes inclinando el cuerpo de la caja mate hacia delante o hacia atr\u00e1s desde una corta distancia.<\/p>\n","protected":false},"excerpt":{"rendered":"<p>Presentamos el Adaptador de L\u00e1tigo para la Caja Mate Tilta Mirage Pro. Este Adaptador permite a los usuarios ajustar el Mecanismo de Inclinaci\u00f3n del Adaptador Basculante mediante un L\u00e1tigo de Enfoque. Esto permite a los usuarios combatir las im\u00e1genes fantasma [&hellip;]<\/p>\n","protected":false},"featured_media":2087305,"comment_status":"open","ping_status":"closed","template":"","meta":[],"product_cat":[3763,4448],"product_tag":[],"acf":[],"gallery_images":[],"_links":{"self":[{"href":"https:\/\/eu.tilta.com\/es\/wp-json\/wp\/v2\/product\/2096266"}],"collection":[{"href":"https:\/\/eu.tilta.com\/es\/wp-json\/wp\/v2\/product"}],"about":[{"href":"https:\/\/eu.tilta.com\/es\/wp-json\/wp\/v2\/types\/product"}],"replies":[{"embeddable":true,"href":"https:\/\/eu.tilta.com\/es\/wp-json\/wp\/v2\/comments?post=2096266"}],"wp:featuredmedia":[{"embeddable":true,"href":"https:\/\/eu.tilta.com\/es\/wp-json\/wp\/v2\/media\/2087305"}],"wp:attachment":[{"href":"https:\/\/eu.tilta.com\/es\/wp-json\/wp\/v2\/media?parent=2096266"}],"wp:term":[{"taxonomy":"product_cat","embeddable":true,"href":"https:\/\/eu.tilta.com\/es\/wp-json\/wp\/v2\/product_cat?post=2096266"},{"taxonomy":"product_tag","embeddable":true,"href":"https:\/\/eu.tilta.com\/es\/wp-json\/wp\/v2\/product_tag?post=2096266"}],"curies":[{"name":"wp","href":"https:\/\/api.w.org\/{rel}","templated":true}]}}