{"id":2096277,"date":"2025-02-14T07:38:13","date_gmt":"2025-02-14T06:38:13","guid":{"rendered":"https:\/\/eu.tilta.com\/shop\/kit-de-donuts-de-goma-para-la-caja-mate-tilta-mirage-pro\/"},"modified":"2025-12-05T14:12:44","modified_gmt":"2025-12-05T13:12:44","slug":"rubber-donut-kit-for-tilta-mirage-pro-matte-box","status":"publish","type":"product","link":"https:\/\/eu.tilta.com\/es\/shop\/rubber-donut-kit-for-tilta-mirage-pro-matte-box\/","title":{"rendered":"Kit de donuts de goma para la caja mate Tilta Mirage Pro"},"content":{"rendered":"<p><em>Presentamos el kit de donuts de goma para la caja mate Tilta Mirage Pro<\/em><\/p>\n<p>Este Kit incluye 3 tama\u00f1os diferentes de Donuts de Goma que ayudan a bloquear la luz para las lentes que no se ajustan a los soportes est\u00e1ndar.<\/p>\n<p>Estas rosquillas de goma se montan en la parte posterior del cuerpo de la caja mate y se adaptan a objetivos de distintos tama\u00f1os sin dejar pasar luz no deseada.<\/p>\n<p>Esto es extremadamente \u00fatil, ya que bloquear la luz no deseada detr\u00e1s de los filtros puede reducir las im\u00e1genes fantasma y otros artefactos reflectantes.<\/p>\n<p>Este Kit admite objetivos con Di\u00e1metros Frontales comprendidos entre 80 mm-95 mm, 95 mm-114 mm y 114 mm-136 mm.<\/p>\n<p><strong>Ten en cuenta que para utilizar este accesorio, la caja mate deber\u00e1 montarse sobre una barra y necesitar\u00e1 el soporte de sujeci\u00f3n de 136 mm.<\/strong><\/p>\n","protected":false},"excerpt":{"rendered":"<p>Presentamos el kit de donuts de goma para la caja mate Tilta Mirage Pro Este Kit incluye 3 tama\u00f1os diferentes de Donuts de Goma que ayudan a bloquear la luz para las lentes que no se ajustan a los soportes [&hellip;]<\/p>\n","protected":false},"featured_media":2087256,"comment_status":"open","ping_status":"closed","template":"","meta":[],"product_cat":[3763],"product_tag":[],"acf":[],"gallery_images":[],"_links":{"self":[{"href":"https:\/\/eu.tilta.com\/es\/wp-json\/wp\/v2\/product\/2096277"}],"collection":[{"href":"https:\/\/eu.tilta.com\/es\/wp-json\/wp\/v2\/product"}],"about":[{"href":"https:\/\/eu.tilta.com\/es\/wp-json\/wp\/v2\/types\/product"}],"replies":[{"embeddable":true,"href":"https:\/\/eu.tilta.com\/es\/wp-json\/wp\/v2\/comments?post=2096277"}],"wp:featuredmedia":[{"embeddable":true,"href":"https:\/\/eu.tilta.com\/es\/wp-json\/wp\/v2\/media\/2087256"}],"wp:attachment":[{"href":"https:\/\/eu.tilta.com\/es\/wp-json\/wp\/v2\/media?parent=2096277"}],"wp:term":[{"taxonomy":"product_cat","embeddable":true,"href":"https:\/\/eu.tilta.com\/es\/wp-json\/wp\/v2\/product_cat?post=2096277"},{"taxonomy":"product_tag","embeddable":true,"href":"https:\/\/eu.tilta.com\/es\/wp-json\/wp\/v2\/product_tag?post=2096277"}],"curies":[{"name":"wp","href":"https:\/\/api.w.org\/{rel}","templated":true}]}}