{"id":2096299,"date":"2025-02-14T09:22:55","date_gmt":"2025-02-14T08:22:55","guid":{"rendered":"https:\/\/eu.tilta.com\/shop\/tilta-mirage-pro-matte-box-kit-de-soporte-unico\/"},"modified":"2025-12-05T14:13:23","modified_gmt":"2025-12-05T13:13:23","slug":"tilta-mirage-pro-matte-box-single-backing-kit","status":"publish","type":"product","link":"https:\/\/eu.tilta.com\/es\/shop\/tilta-mirage-pro-matte-box-single-backing-kit\/","title":{"rendered":"Tilta Mirage Pro Matte Box Kit de soporte \u00fanico"},"content":{"rendered":"<p>La caja mate Mirage Pro es nuestra caja mate ligera de nueva generaci\u00f3n, dise\u00f1ada para ser accesible tanto a principiantes como a profesionales experimentados.<\/p>\n<p>Fabricada con atenci\u00f3n al detalle, la Mirage Pro es una caja mate con abrazadera dise\u00f1ada para alojar objetivos de distintos tama\u00f1os en funci\u00f3n del soporte seleccionado.<\/p>\n<p>El Matte Box puede equiparse con adaptadores de varilla tanto para varillas LWS de 15 mm como para varillas de estudio de 19 mm, lo que ofrece una f\u00e1cil integraci\u00f3n en tu configuraci\u00f3n actual. (no incluido)<\/p>\n<p>Con bandejas de filtros compatibles con filtros de 4\u00d75,6, la Mirage Pro permite a los usuarios utilizar filtros f\u00e1cilmente para conseguir la est\u00e9tica visual que deseen.<\/p>\n<p>Con una bandera superior incluida y banderas laterales opcionales, el Mirage Pro tiene la capacidad de bloquear las bengalas incluso en las condiciones de iluminaci\u00f3n m\u00e1s dif\u00edciles.<\/p>\n<p>El cuerpo de la Matte Box utiliza un exclusivo dise\u00f1o de clip magn\u00e9tico que permite retirar f\u00e1cilmente la capucha frontal para reducir el peso de la Matte Box sin dejar de soportar los tres filtros.<\/p>\n<p>Aunque esto abre la posibilidad de bengalas, la reducci\u00f3n de peso hace que sea una opci\u00f3n valiosa cuando se utiliza el sistema sobre un card\u00e1n o cualquier otro sistema de soporte sensible al peso.<\/p>\n<p>La combinaci\u00f3n de elementos de dise\u00f1o \u00fanicos y opciones de configuraci\u00f3n vers\u00e1tiles puede ayudar a los creadores profesionales a conseguir estilos visuales sofisticados para expresar mejor sus visiones art\u00edsticas y producir looks de nivel industrial a un precio accesible.<\/p>\n","protected":false},"excerpt":{"rendered":"<p>La caja mate Mirage Pro es nuestra caja mate ligera de nueva generaci\u00f3n, dise\u00f1ada para ser accesible tanto a principiantes como a profesionales experimentados. Fabricada con atenci\u00f3n al detalle, la Mirage Pro es una caja mate con abrazadera dise\u00f1ada para [&hellip;]<\/p>\n","protected":false},"featured_media":2087920,"comment_status":"open","ping_status":"closed","template":"","meta":[],"product_cat":[3763],"product_tag":[],"acf":[],"gallery_images":[2087934,2087952,2087994,2088000,2088036],"_links":{"self":[{"href":"https:\/\/eu.tilta.com\/es\/wp-json\/wp\/v2\/product\/2096299"}],"collection":[{"href":"https:\/\/eu.tilta.com\/es\/wp-json\/wp\/v2\/product"}],"about":[{"href":"https:\/\/eu.tilta.com\/es\/wp-json\/wp\/v2\/types\/product"}],"replies":[{"embeddable":true,"href":"https:\/\/eu.tilta.com\/es\/wp-json\/wp\/v2\/comments?post=2096299"}],"wp:featuredmedia":[{"embeddable":true,"href":"https:\/\/eu.tilta.com\/es\/wp-json\/wp\/v2\/media\/2087920"}],"wp:attachment":[{"href":"https:\/\/eu.tilta.com\/es\/wp-json\/wp\/v2\/media?parent=2096299"}],"wp:term":[{"taxonomy":"product_cat","embeddable":true,"href":"https:\/\/eu.tilta.com\/es\/wp-json\/wp\/v2\/product_cat?post=2096299"},{"taxonomy":"product_tag","embeddable":true,"href":"https:\/\/eu.tilta.com\/es\/wp-json\/wp\/v2\/product_tag?post=2096299"}],"curies":[{"name":"wp","href":"https:\/\/api.w.org\/{rel}","templated":true}]}}