{"id":2096353,"date":"2025-02-14T04:56:50","date_gmt":"2025-02-14T03:56:50","guid":{"rendered":"https:\/\/eu.tilta.com\/shop\/adaptador-de-varilla-para-caja-de-mate-tilta-mirage-pro\/"},"modified":"2026-02-16T09:03:39","modified_gmt":"2026-02-16T08:03:39","slug":"rod-adapter-for-tilta-mirage-pro-matte-box","status":"publish","type":"product","link":"https:\/\/eu.tilta.com\/es\/shop\/rod-adapter-for-tilta-mirage-pro-matte-box\/","title":{"rendered":"Adaptador de varilla para caja de mate Tilta Mirage Pro"},"content":{"rendered":"<div class=\"overview-text\">\n<p class=\"p1\"><em>Presentamos el Adaptador de Varilla para Caja Mate Tilta Mirage<\/em><\/p>\n<p>Este adaptador de varilla permite a los usuarios montar la Mirage Pro mediante varillas LWS de 15 mm o varillas de estudio de 19 mm.<\/p>\n<p class=\"p1\">Esto permite que la Mirage Pro se integre f\u00e1cilmente en tu configuraci\u00f3n actual, ya que puede bascular para cambiar r\u00e1pidamente de objetivo.<\/p>\n<p>NOTA: Este adaptador de varilla requiere el adaptador Swing Away para montar la caja mate Mirage Pro en varillas de 15 mm o 19 mm.<\/p>\n<\/div>\n","protected":false},"excerpt":{"rendered":"<p>Presentamos el Adaptador de Varilla para Caja Mate Tilta Mirage Este adaptador de varilla permite a los usuarios montar la Mirage Pro mediante varillas LWS de 15 mm o varillas de estudio de 19 mm. Esto permite que la Mirage [&hellip;]<\/p>\n","protected":false},"featured_media":2086297,"comment_status":"open","ping_status":"closed","template":"","meta":[],"product_cat":[3763,4448],"product_tag":[],"acf":[],"gallery_images":[2086281],"_links":{"self":[{"href":"https:\/\/eu.tilta.com\/es\/wp-json\/wp\/v2\/product\/2096353"}],"collection":[{"href":"https:\/\/eu.tilta.com\/es\/wp-json\/wp\/v2\/product"}],"about":[{"href":"https:\/\/eu.tilta.com\/es\/wp-json\/wp\/v2\/types\/product"}],"replies":[{"embeddable":true,"href":"https:\/\/eu.tilta.com\/es\/wp-json\/wp\/v2\/comments?post=2096353"}],"wp:featuredmedia":[{"embeddable":true,"href":"https:\/\/eu.tilta.com\/es\/wp-json\/wp\/v2\/media\/2086297"}],"wp:attachment":[{"href":"https:\/\/eu.tilta.com\/es\/wp-json\/wp\/v2\/media?parent=2096353"}],"wp:term":[{"taxonomy":"product_cat","embeddable":true,"href":"https:\/\/eu.tilta.com\/es\/wp-json\/wp\/v2\/product_cat?post=2096353"},{"taxonomy":"product_tag","embeddable":true,"href":"https:\/\/eu.tilta.com\/es\/wp-json\/wp\/v2\/product_tag?post=2096353"}],"curies":[{"name":"wp","href":"https:\/\/api.w.org\/{rel}","templated":true}]}}