{"id":2096354,"date":"2025-02-14T04:42:56","date_gmt":"2025-02-14T03:42:56","guid":{"rendered":"https:\/\/eu.tilta.com\/shop\/adaptador-de-pinza-para-caja-de-mate-tilta-mirage-pro\/"},"modified":"2026-02-16T09:03:40","modified_gmt":"2026-02-16T08:03:40","slug":"clamp-on-adapter-for-tilta-mirage-pro-matte-box","status":"publish","type":"product","link":"https:\/\/eu.tilta.com\/es\/shop\/clamp-on-adapter-for-tilta-mirage-pro-matte-box\/","title":{"rendered":"Adaptador de pinza para caja de mate Tilta Mirage Pro"},"content":{"rendered":"<p><em>Presentamos el Adaptador de pinza para la Caja Mate Mirage Pro.<\/em><\/p>\n<p>Este soporte con abrazadera viene en diferentes tama\u00f1os para adaptarse a objetivos de distintos tama\u00f1os y se puede intercambiar f\u00e1cilmente seg\u00fan sea necesario.<\/p>\n<p>El Adaptador de 95 mm puede hacerse compatible con Objetivos Fotogr\u00e1ficos mediante nuestros Adaptadores Mirage, que se montan mediante Roscas de Filtro.<\/p>\n","protected":false},"excerpt":{"rendered":"<p>Presentamos el Adaptador de pinza para la Caja Mate Mirage Pro. Este soporte con abrazadera viene en diferentes tama\u00f1os para adaptarse a objetivos de distintos tama\u00f1os y se puede intercambiar f\u00e1cilmente seg\u00fan sea necesario. El Adaptador de 95 mm puede [&hellip;]<\/p>\n","protected":false},"featured_media":2086029,"comment_status":"open","ping_status":"closed","template":"","meta":[],"product_cat":[3763],"product_tag":[],"acf":[],"gallery_images":[],"_links":{"self":[{"href":"https:\/\/eu.tilta.com\/es\/wp-json\/wp\/v2\/product\/2096354"}],"collection":[{"href":"https:\/\/eu.tilta.com\/es\/wp-json\/wp\/v2\/product"}],"about":[{"href":"https:\/\/eu.tilta.com\/es\/wp-json\/wp\/v2\/types\/product"}],"replies":[{"embeddable":true,"href":"https:\/\/eu.tilta.com\/es\/wp-json\/wp\/v2\/comments?post=2096354"}],"wp:featuredmedia":[{"embeddable":true,"href":"https:\/\/eu.tilta.com\/es\/wp-json\/wp\/v2\/media\/2086029"}],"wp:attachment":[{"href":"https:\/\/eu.tilta.com\/es\/wp-json\/wp\/v2\/media?parent=2096354"}],"wp:term":[{"taxonomy":"product_cat","embeddable":true,"href":"https:\/\/eu.tilta.com\/es\/wp-json\/wp\/v2\/product_cat?post=2096354"},{"taxonomy":"product_tag","embeddable":true,"href":"https:\/\/eu.tilta.com\/es\/wp-json\/wp\/v2\/product_tag?post=2096354"}],"curies":[{"name":"wp","href":"https:\/\/api.w.org\/{rel}","templated":true}]}}