{"id":2096368,"date":"2025-02-14T04:24:09","date_gmt":"2025-02-14T03:24:09","guid":{"rendered":"https:\/\/eu.tilta.com\/shop\/filtro-nd-variable-de-114-mm-para-caja-de-mate-tilta-mirage-pro\/"},"modified":"2025-12-05T14:13:59","modified_gmt":"2025-12-05T13:13:59","slug":"114mm-variable-nd-filter-for-tilta-mirage-pro-matte-box","status":"publish","type":"product","link":"https:\/\/eu.tilta.com\/es\/shop\/114mm-variable-nd-filter-for-tilta-mirage-pro-matte-box\/","title":{"rendered":"Filtro ND variable de 114 mm para caja de mate Tilta Mirage Pro"},"content":{"rendered":"<p><em>Presentamos el ND Variable de 114 mm para la Mirage Pro Matte Box<\/em><\/p>\n<p>Este filtro se ha desarrollado en colaboraci\u00f3n con fabricantes \u00f3pticos de primer nivel para ofrecer el mismo rendimiento que nuestra versi\u00f3n m\u00e1s peque\u00f1a de 95 mm.<\/p>\n<p>Gracias a la tecnolog\u00eda PL + CPL actualizada, este Filtro VND puede producir colores precisos en toda su gama de densidades, a la vez que admite objetivos de hasta 114 mm.<\/p>\n<p>El ND Variable se puede ajustar gradualmente, lo que te permite mantener una exposici\u00f3n constante cuando las condiciones de iluminaci\u00f3n cambian inesperadamente.<\/p>\n<p>Un adaptador de varilla opcional admite peque\u00f1os motores inal\u00e1mbricos, como nuestro Motor Nano 2, para controlar el ND de forma inal\u00e1mbrica.<\/p>\n<p>Es ideal para situaciones en las que la iluminaci\u00f3n cambia repentinamente en d\u00edas parcialmente nublados o cuando no se puede acceder f\u00edsicamente a la c\u00e1mara, como cuando se est\u00e1 en una steadicam o una gr\u00faa.<\/p>\n","protected":false},"excerpt":{"rendered":"<p>Presentamos el ND Variable de 114 mm para la Mirage Pro Matte Box Este filtro se ha desarrollado en colaboraci\u00f3n con fabricantes \u00f3pticos de primer nivel para ofrecer el mismo rendimiento que nuestra versi\u00f3n m\u00e1s peque\u00f1a de 95 mm. Gracias [&hellip;]<\/p>\n","protected":false},"featured_media":2085910,"comment_status":"open","ping_status":"closed","template":"","meta":[],"product_cat":[3763,2785],"product_tag":[],"acf":[],"gallery_images":[2085914,2085922,2085930],"_links":{"self":[{"href":"https:\/\/eu.tilta.com\/es\/wp-json\/wp\/v2\/product\/2096368"}],"collection":[{"href":"https:\/\/eu.tilta.com\/es\/wp-json\/wp\/v2\/product"}],"about":[{"href":"https:\/\/eu.tilta.com\/es\/wp-json\/wp\/v2\/types\/product"}],"replies":[{"embeddable":true,"href":"https:\/\/eu.tilta.com\/es\/wp-json\/wp\/v2\/comments?post=2096368"}],"wp:featuredmedia":[{"embeddable":true,"href":"https:\/\/eu.tilta.com\/es\/wp-json\/wp\/v2\/media\/2085910"}],"wp:attachment":[{"href":"https:\/\/eu.tilta.com\/es\/wp-json\/wp\/v2\/media?parent=2096368"}],"wp:term":[{"taxonomy":"product_cat","embeddable":true,"href":"https:\/\/eu.tilta.com\/es\/wp-json\/wp\/v2\/product_cat?post=2096368"},{"taxonomy":"product_tag","embeddable":true,"href":"https:\/\/eu.tilta.com\/es\/wp-json\/wp\/v2\/product_tag?post=2096368"}],"curies":[{"name":"wp","href":"https:\/\/api.w.org\/{rel}","templated":true}]}}