{"id":2096399,"date":"2025-02-13T09:21:54","date_gmt":"2025-02-13T08:21:54","guid":{"rendered":"https:\/\/eu.tilta.com\/shop\/correa-universal-para-montaje-de-accesorios-1-4%e2%80%b3-20-negra\/"},"modified":"2025-12-05T14:14:22","modified_gmt":"2025-12-05T13:14:22","slug":"universal-accessory-mounting-strap-1-4%e2%80%b3-20-black","status":"publish","type":"product","link":"https:\/\/eu.tilta.com\/es\/shop\/universal-accessory-mounting-strap-1-4%e2%80%b3-20-black\/","title":{"rendered":"Correa universal para montaje de accesorios (1\/4\u2033-20) &#8211; Negra"},"content":{"rendered":"<p><em>Presentamos la correa universal de montaje de accesorios<\/em><\/p>\n<p>Esta ligera correa de velcro est\u00e1 dise\u00f1ada para montarse r\u00e1pidamente e incorpora una rosca de 1\/4\u2033-20 \u00f3 3\/8\u2033-16 para sujetar diversos accesorios o c\u00e1maras peque\u00f1as.<\/p>\n<p>La rosca nativa de 3\/8&#8243;-16 puede adaptarse para admitir accesorios basados en 1\/4\u2033-20 mediante el adaptador de rosca incluido.<\/p>\n<p>Esta correa de silicona de alta resistencia presenta un tejido fino que soporta hasta 4,5 kg cuando est\u00e1 bien sujeta.<\/p>\n<p>Es una soluci\u00f3n perfecta para montar accesorios directamente en el objetivo, como tel\u00e9metros LiDAR, tel\u00e9fonos inteligentes o luces LED en la c\u00e1mara.<\/p>\n<p>Tambi\u00e9n se puede utilizar como soluci\u00f3n de montaje creativa para fijar C\u00e1maras de Acci\u00f3n m\u00e1s peque\u00f1as a puntos de montaje no tradicionales, como \u00e1rboles, se\u00f1ales de tr\u00e1fico, etc.<\/p>\n","protected":false},"excerpt":{"rendered":"<p>Presentamos la correa universal de montaje de accesorios Esta ligera correa de velcro est\u00e1 dise\u00f1ada para montarse r\u00e1pidamente e incorpora una rosca de 1\/4\u2033-20 \u00f3 3\/8\u2033-16 para sujetar diversos accesorios o c\u00e1maras peque\u00f1as. La rosca nativa de 3\/8&#8243;-16 puede adaptarse [&hellip;]<\/p>\n","protected":false},"featured_media":2080561,"comment_status":"open","ping_status":"closed","template":"","meta":[],"product_cat":[2748,2923],"product_tag":[],"acf":[],"gallery_images":[2080555,2080549,2080543,2080536,2080530,2080524,2080518],"_links":{"self":[{"href":"https:\/\/eu.tilta.com\/es\/wp-json\/wp\/v2\/product\/2096399"}],"collection":[{"href":"https:\/\/eu.tilta.com\/es\/wp-json\/wp\/v2\/product"}],"about":[{"href":"https:\/\/eu.tilta.com\/es\/wp-json\/wp\/v2\/types\/product"}],"replies":[{"embeddable":true,"href":"https:\/\/eu.tilta.com\/es\/wp-json\/wp\/v2\/comments?post=2096399"}],"wp:featuredmedia":[{"embeddable":true,"href":"https:\/\/eu.tilta.com\/es\/wp-json\/wp\/v2\/media\/2080561"}],"wp:attachment":[{"href":"https:\/\/eu.tilta.com\/es\/wp-json\/wp\/v2\/media?parent=2096399"}],"wp:term":[{"taxonomy":"product_cat","embeddable":true,"href":"https:\/\/eu.tilta.com\/es\/wp-json\/wp\/v2\/product_cat?post=2096399"},{"taxonomy":"product_tag","embeddable":true,"href":"https:\/\/eu.tilta.com\/es\/wp-json\/wp\/v2\/product_tag?post=2096399"}],"curies":[{"name":"wp","href":"https:\/\/api.w.org\/{rel}","templated":true}]}}