{"id":2096434,"date":"2025-02-14T07:26:59","date_gmt":"2025-02-14T06:26:59","guid":{"rendered":"https:\/\/eu.tilta.com\/shop\/adaptador-de-motor-universal-para-caja-de-mate-tilta-mirage-pro\/"},"modified":"2026-02-16T09:01:23","modified_gmt":"2026-02-16T08:01:23","slug":"universal-motor-adapter-for-tilta-mirage-pro-matte-box","status":"publish","type":"product","link":"https:\/\/eu.tilta.com\/es\/shop\/universal-motor-adapter-for-tilta-mirage-pro-matte-box\/","title":{"rendered":"Adaptador de motor universal para caja de mate Tilta Mirage Pro"},"content":{"rendered":"<p>Este Adaptador de Motor Universal se puede montar en el Filtro ND Variable de 114 mm para la Caja de Mate Mirage Pro.<\/p>\n<p>Este adaptador incorpora una varilla de 15 mm que admite peque\u00f1os motores inal\u00e1mbricos, como nuestro Nucleus Nano 2, para controlar el Filtro ND Variable de forma inal\u00e1mbrica.<\/p>\n<p>Es ideal para situaciones en las que la iluminaci\u00f3n cambia repentinamente en d\u00edas parcialmente nublados o cuando no se puede acceder f\u00edsicamente a la c\u00e1mara, como cuando se est\u00e1 en una steadicam o una gr\u00faa.<\/p>\n","protected":false},"excerpt":{"rendered":"<p>Este Adaptador de Motor Universal se puede montar en el Filtro ND Variable de 114 mm para la Caja de Mate Mirage Pro. Este adaptador incorpora una varilla de 15 mm que admite peque\u00f1os motores inal\u00e1mbricos, como nuestro Nucleus Nano [&hellip;]<\/p>\n","protected":false},"featured_media":2087044,"comment_status":"open","ping_status":"closed","template":"","meta":[],"product_cat":[3763,4448],"product_tag":[],"acf":[],"gallery_images":[],"_links":{"self":[{"href":"https:\/\/eu.tilta.com\/es\/wp-json\/wp\/v2\/product\/2096434"}],"collection":[{"href":"https:\/\/eu.tilta.com\/es\/wp-json\/wp\/v2\/product"}],"about":[{"href":"https:\/\/eu.tilta.com\/es\/wp-json\/wp\/v2\/types\/product"}],"replies":[{"embeddable":true,"href":"https:\/\/eu.tilta.com\/es\/wp-json\/wp\/v2\/comments?post=2096434"}],"wp:featuredmedia":[{"embeddable":true,"href":"https:\/\/eu.tilta.com\/es\/wp-json\/wp\/v2\/media\/2087044"}],"wp:attachment":[{"href":"https:\/\/eu.tilta.com\/es\/wp-json\/wp\/v2\/media?parent=2096434"}],"wp:term":[{"taxonomy":"product_cat","embeddable":true,"href":"https:\/\/eu.tilta.com\/es\/wp-json\/wp\/v2\/product_cat?post=2096434"},{"taxonomy":"product_tag","embeddable":true,"href":"https:\/\/eu.tilta.com\/es\/wp-json\/wp\/v2\/product_tag?post=2096434"}],"curies":[{"name":"wp","href":"https:\/\/api.w.org\/{rel}","templated":true}]}}