{"id":2096435,"date":"2025-02-14T07:14:02","date_gmt":"2025-02-14T06:14:02","guid":{"rendered":"https:\/\/eu.tilta.com\/shop\/adaptador-basculante-para-caja-de-mate-tilta-mirage-pro\/"},"modified":"2025-12-05T14:14:42","modified_gmt":"2025-12-05T13:14:42","slug":"swing-away-adapter-for-tilta-mirage-pro-matte-box","status":"publish","type":"product","link":"https:\/\/eu.tilta.com\/es\/shop\/swing-away-adapter-for-tilta-mirage-pro-matte-box\/","title":{"rendered":"Adaptador basculante para caja de mate Tilta Mirage Pro"},"content":{"rendered":"<p>Este adaptador basculante se monta en la caja mate Mirage Pro y requiere un soporte de varilla opcional para varillas de 15 mm o 19 mm.<\/p>\n<p>Esto permite que la Mirage Pro se integre f\u00e1cilmente en tu configuraci\u00f3n actual, ya que puede bascular para cambiar r\u00e1pidamente de objetivo.<\/p>\n<p>Este adaptador basculante tambi\u00e9n incorpora un mecanismo de inclinaci\u00f3n que permite a los usuarios combatir las im\u00e1genes fantasma y otros artefactos reflectantes inclinando ligeramente el cuerpo de la caja mate hacia delante o hacia atr\u00e1s.<\/p>\n<p>Este Adaptador tambi\u00e9n incorpora una montura de L\u00e1tigo de Enfoque de tama\u00f1o est\u00e1ndar que permite a los usuarios ajustar la Inclinaci\u00f3n desde una distancia corta utilizando un L\u00e1tigo de Enfoque.<\/p>\n","protected":false},"excerpt":{"rendered":"<p>Este adaptador basculante se monta en la caja mate Mirage Pro y requiere un soporte de varilla opcional para varillas de 15 mm o 19 mm. Esto permite que la Mirage Pro se integre f\u00e1cilmente en tu configuraci\u00f3n actual, ya [&hellip;]<\/p>\n","protected":false},"featured_media":2086955,"comment_status":"open","ping_status":"closed","template":"","meta":[],"product_cat":[3763],"product_tag":[],"acf":[],"gallery_images":[],"_links":{"self":[{"href":"https:\/\/eu.tilta.com\/es\/wp-json\/wp\/v2\/product\/2096435"}],"collection":[{"href":"https:\/\/eu.tilta.com\/es\/wp-json\/wp\/v2\/product"}],"about":[{"href":"https:\/\/eu.tilta.com\/es\/wp-json\/wp\/v2\/types\/product"}],"replies":[{"embeddable":true,"href":"https:\/\/eu.tilta.com\/es\/wp-json\/wp\/v2\/comments?post=2096435"}],"wp:featuredmedia":[{"embeddable":true,"href":"https:\/\/eu.tilta.com\/es\/wp-json\/wp\/v2\/media\/2086955"}],"wp:attachment":[{"href":"https:\/\/eu.tilta.com\/es\/wp-json\/wp\/v2\/media?parent=2096435"}],"wp:term":[{"taxonomy":"product_cat","embeddable":true,"href":"https:\/\/eu.tilta.com\/es\/wp-json\/wp\/v2\/product_cat?post=2096435"},{"taxonomy":"product_tag","embeddable":true,"href":"https:\/\/eu.tilta.com\/es\/wp-json\/wp\/v2\/product_tag?post=2096435"}],"curies":[{"name":"wp","href":"https:\/\/api.w.org\/{rel}","templated":true}]}}