{"id":2096436,"date":"2025-02-14T07:21:54","date_gmt":"2025-02-14T06:21:54","guid":{"rendered":"https:\/\/eu.tilta.com\/shop\/capucha-de-fibra-de-carbono-para-caja-mate-tilta-mirage-pro\/"},"modified":"2025-12-05T14:14:43","modified_gmt":"2025-12-05T13:14:43","slug":"carbon-fiber-hood-for-tilta-mirage-pro-matte-box","status":"publish","type":"product","link":"https:\/\/eu.tilta.com\/es\/shop\/carbon-fiber-hood-for-tilta-mirage-pro-matte-box\/","title":{"rendered":"Capucha de fibra de carbono para caja mate Tilta Mirage Pro"},"content":{"rendered":"<p>Esta capucha de fibra de carbono para la caja mate Tilta Mirage Pro sirve para sustituir a la incluida en el kit.<\/p>\n<p>El cap\u00f3 frontal utiliza un exclusivo dise\u00f1o de clip magn\u00e9tico que permite retirar f\u00e1cilmente la unidad del conjunto de la bandeja del filtro.<\/p>\n<p>Esto permite a los usuarios reducir el peso de la Matte Box sin dejar de soportar los tres filtros.<\/p>\n<p>Aunque esto abre la posibilidad de bengalas, la reducci\u00f3n de peso hace que sea una opci\u00f3n valiosa cuando se utiliza el sistema sobre un card\u00e1n o cualquier otro sistema de soporte sensible al peso.<\/p>\n","protected":false},"excerpt":{"rendered":"<p>Esta capucha de fibra de carbono para la caja mate Tilta Mirage Pro sirve para sustituir a la incluida en el kit. El cap\u00f3 frontal utiliza un exclusivo dise\u00f1o de clip magn\u00e9tico que permite retirar f\u00e1cilmente la unidad del conjunto [&hellip;]<\/p>\n","protected":false},"featured_media":2087001,"comment_status":"open","ping_status":"closed","template":"","meta":[],"product_cat":[3763],"product_tag":[],"acf":[],"gallery_images":[2087003,2087009],"_links":{"self":[{"href":"https:\/\/eu.tilta.com\/es\/wp-json\/wp\/v2\/product\/2096436"}],"collection":[{"href":"https:\/\/eu.tilta.com\/es\/wp-json\/wp\/v2\/product"}],"about":[{"href":"https:\/\/eu.tilta.com\/es\/wp-json\/wp\/v2\/types\/product"}],"replies":[{"embeddable":true,"href":"https:\/\/eu.tilta.com\/es\/wp-json\/wp\/v2\/comments?post=2096436"}],"wp:featuredmedia":[{"embeddable":true,"href":"https:\/\/eu.tilta.com\/es\/wp-json\/wp\/v2\/media\/2087001"}],"wp:attachment":[{"href":"https:\/\/eu.tilta.com\/es\/wp-json\/wp\/v2\/media?parent=2096436"}],"wp:term":[{"taxonomy":"product_cat","embeddable":true,"href":"https:\/\/eu.tilta.com\/es\/wp-json\/wp\/v2\/product_cat?post=2096436"},{"taxonomy":"product_tag","embeddable":true,"href":"https:\/\/eu.tilta.com\/es\/wp-json\/wp\/v2\/product_tag?post=2096436"}],"curies":[{"name":"wp","href":"https:\/\/api.w.org\/{rel}","templated":true}]}}