{"id":2096468,"date":"2025-02-14T07:07:17","date_gmt":"2025-02-14T06:07:17","guid":{"rendered":"https:\/\/eu.tilta.com\/shop\/bandeja-de-filtros-4x565-para-la-caja-de-mateado-tilta-mirage-pro\/"},"modified":"2025-12-05T14:15:01","modified_gmt":"2025-12-05T13:15:01","slug":"4x5-65-filter-tray-for-tilta-mirage-pro-matte-box","status":"publish","type":"product","link":"https:\/\/eu.tilta.com\/es\/shop\/4x5-65-filter-tray-for-tilta-mirage-pro-matte-box\/","title":{"rendered":"Bandeja de filtros 4\u00d75,65 para la caja de mateado Tilta Mirage Pro"},"content":{"rendered":"<p>Esta bandeja para filtros 4\u00d75,65 permite montar filtros 4\u00d75,65 dentro de la caja mate Mirage Pro.<\/p>\n<p>Este tama\u00f1o est\u00e1ndar del sector admite una gama de filtros de entre 2 mm y 4 mm de grosor.<\/p>\n<p>Tambi\u00e9n est\u00e1 dise\u00f1ado para asentarse firmemente en la caja mate, limitando el riesgo de desconexi\u00f3n accidental.<\/p>\n","protected":false},"excerpt":{"rendered":"<p>Esta bandeja para filtros 4\u00d75,65 permite montar filtros 4\u00d75,65 dentro de la caja mate Mirage Pro. Este tama\u00f1o est\u00e1ndar del sector admite una gama de filtros de entre 2 mm y 4 mm de grosor. Tambi\u00e9n est\u00e1 dise\u00f1ado para asentarse [&hellip;]<\/p>\n","protected":false},"featured_media":2086921,"comment_status":"open","ping_status":"closed","template":"","meta":[],"product_cat":[3763],"product_tag":[],"acf":[],"gallery_images":[],"_links":{"self":[{"href":"https:\/\/eu.tilta.com\/es\/wp-json\/wp\/v2\/product\/2096468"}],"collection":[{"href":"https:\/\/eu.tilta.com\/es\/wp-json\/wp\/v2\/product"}],"about":[{"href":"https:\/\/eu.tilta.com\/es\/wp-json\/wp\/v2\/types\/product"}],"replies":[{"embeddable":true,"href":"https:\/\/eu.tilta.com\/es\/wp-json\/wp\/v2\/comments?post=2096468"}],"wp:featuredmedia":[{"embeddable":true,"href":"https:\/\/eu.tilta.com\/es\/wp-json\/wp\/v2\/media\/2086921"}],"wp:attachment":[{"href":"https:\/\/eu.tilta.com\/es\/wp-json\/wp\/v2\/media?parent=2096468"}],"wp:term":[{"taxonomy":"product_cat","embeddable":true,"href":"https:\/\/eu.tilta.com\/es\/wp-json\/wp\/v2\/product_cat?post=2096468"},{"taxonomy":"product_tag","embeddable":true,"href":"https:\/\/eu.tilta.com\/es\/wp-json\/wp\/v2\/product_tag?post=2096468"}],"curies":[{"name":"wp","href":"https:\/\/api.w.org\/{rel}","templated":true}]}}