{"id":2112495,"date":"2025-01-08T08:01:13","date_gmt":"2025-01-08T07:01:13","guid":{"rendered":"https:\/\/eu.tilta.com\/shop\/jaula-completa-con-sistema-de-refrigeracion-para-canon-r5-mark-ii-negro\/"},"modified":"2025-12-05T14:15:13","modified_gmt":"2025-12-05T13:15:13","slug":"full-camera-cage-with-cooling-system-for-canon-r5-mark-ii-black","status":"publish","type":"product","link":"https:\/\/eu.tilta.com\/es\/shop\/full-camera-cage-with-cooling-system-for-canon-r5-mark-ii-black\/","title":{"rendered":"Jaula completa con sistema de refrigeraci\u00f3n para Canon R5 Mark II &#8211; Negro"},"content":{"rendered":"<p><em>Presentamos la Jaula para C\u00e1mara con Sistema de Refrigeraci\u00f3n para el Kit Avanzado Canon R5 Mark II<\/em><\/p>\n<p>Esta jaula para c\u00e1mara proporciona protecci\u00f3n adicional al cuerpo de la c\u00e1mara, al tiempo que ampl\u00eda las opciones de montaje de diversos accesorios. Tambi\u00e9n est\u00e1 equipada con un sistema de refrigeraci\u00f3n incorporado que aumenta significativamente el tiempo de grabaci\u00f3n de la c\u00e1mara, sin a\u00f1adir mucho peso adicional<\/p>\n<p>La Jaula Completa incorpora un Receptor de Zapata Fr\u00eda, roscas M3 para soporte de adaptador de montura, soportes de correa de mu\u00f1eca, roscas 1\/4\u2033-20 y 3\/8\u2033-16, ambas con puntos de fijaci\u00f3n.<\/p>\n<p>El suave acolchado de silicona y los m\u00faltiples puntos de contacto entre la c\u00e1mara y la jaula garantizan una conexi\u00f3n s\u00f3lida y una base firme para montar accesorios.<\/p>\n","protected":false},"excerpt":{"rendered":"<p>Presentamos la Jaula para C\u00e1mara con Sistema de Refrigeraci\u00f3n para el Kit Avanzado Canon R5 Mark II Esta jaula para c\u00e1mara proporciona protecci\u00f3n adicional al cuerpo de la c\u00e1mara, al tiempo que ampl\u00eda las opciones de montaje de diversos accesorios. [&hellip;]<\/p>\n","protected":false},"featured_media":2102185,"comment_status":"open","ping_status":"closed","template":"","meta":[],"product_cat":[3248],"product_tag":[],"acf":[],"gallery_images":[2102179,2102173,2102167,2102161,2102193],"_links":{"self":[{"href":"https:\/\/eu.tilta.com\/es\/wp-json\/wp\/v2\/product\/2112495"}],"collection":[{"href":"https:\/\/eu.tilta.com\/es\/wp-json\/wp\/v2\/product"}],"about":[{"href":"https:\/\/eu.tilta.com\/es\/wp-json\/wp\/v2\/types\/product"}],"replies":[{"embeddable":true,"href":"https:\/\/eu.tilta.com\/es\/wp-json\/wp\/v2\/comments?post=2112495"}],"wp:featuredmedia":[{"embeddable":true,"href":"https:\/\/eu.tilta.com\/es\/wp-json\/wp\/v2\/media\/2102185"}],"wp:attachment":[{"href":"https:\/\/eu.tilta.com\/es\/wp-json\/wp\/v2\/media?parent=2112495"}],"wp:term":[{"taxonomy":"product_cat","embeddable":true,"href":"https:\/\/eu.tilta.com\/es\/wp-json\/wp\/v2\/product_cat?post=2112495"},{"taxonomy":"product_tag","embeddable":true,"href":"https:\/\/eu.tilta.com\/es\/wp-json\/wp\/v2\/product_tag?post=2112495"}],"curies":[{"name":"wp","href":"https:\/\/api.w.org\/{rel}","templated":true}]}}