{"id":2112499,"date":"2025-02-18T12:33:42","date_gmt":"2025-02-18T11:33:42","guid":{"rendered":"https:\/\/eu.tilta.com\/shop\/jaula-de-camara-con-sistema-de-refrigeracion-para-el-kit-avanzado-canon-r5-mark-ii-negro\/"},"modified":"2025-12-05T14:15:15","modified_gmt":"2025-12-05T13:15:15","slug":"camera-cage-with-cooling-system-for-canon-r5-mark-ii-advanced-kit-black","status":"publish","type":"product","link":"https:\/\/eu.tilta.com\/es\/shop\/camera-cage-with-cooling-system-for-canon-r5-mark-ii-advanced-kit-black\/","title":{"rendered":"Jaula de c\u00e1mara con sistema de refrigeraci\u00f3n para el kit avanzado Canon R5 Mark II &#8211; Negro"},"content":{"rendered":"<p><em>Presentamos la Jaula para C\u00e1mara con Sistema de Refrigeraci\u00f3n para el Kit Avanzado Canon R5 Mark II<\/em><\/p>\n<p>Esta jaula para c\u00e1mara proporciona protecci\u00f3n adicional al cuerpo de la c\u00e1mara, al tiempo que ampl\u00eda las opciones de montaje de diversos accesorios. Tambi\u00e9n est\u00e1 equipada con un sistema de refrigeraci\u00f3n incorporado que aumenta significativamente el tiempo de grabaci\u00f3n de la c\u00e1mara, sin a\u00f1adir mucho peso adicional<\/p>\n<p>La Jaula Completa incorpora un Receptor de Zapata Fr\u00eda, roscas M3 para soporte de adaptador de montura, soportes de correa de mu\u00f1eca, roscas 1\/4\u2033-20 y 3\/8\u2033-16, ambas con puntos de fijaci\u00f3n.<\/p>\n<p>El suave acolchado de silicona y los m\u00faltiples puntos de contacto entre la c\u00e1mara y la jaula garantizan una conexi\u00f3n s\u00f3lida y una base firme para montar accesorios.<\/p>\n<p><em>La placa base LWS de 15 mm ajustable en altura Arca <\/em>permite a los usuarios ajustar la altura de su c\u00e1mara en relaci\u00f3n con sus barras.<\/p>\n<p>Esto significa que los usuarios pueden mantener el est\u00e1ndar LWS de 85 mm entre sus varillas y el centro de su sensor para garantizar la compatibilidad con una gama de diversos accesorios y cuerpos de c\u00e1mara.<\/p>\n<p>La empu\u00f1adura lateral izquierda para DP incorpora una bater\u00eda interna de gran capacidad, que proporciona una salida de DP de 50 W para refrigerar el sistema y prolongar el tiempo de funcionamiento<\/p>\n<p>La palanca de desbloqueo permite ajustar con rapidez y precisi\u00f3n el \u00e1ngulo de la empu\u00f1adura, lo que simplifica el manejo y crea un flujo de trabajo m\u00e1s eficaz.<\/p>\n","protected":false},"excerpt":{"rendered":"<p>Presentamos la Jaula para C\u00e1mara con Sistema de Refrigeraci\u00f3n para el Kit Avanzado Canon R5 Mark II Esta jaula para c\u00e1mara proporciona protecci\u00f3n adicional al cuerpo de la c\u00e1mara, al tiempo que ampl\u00eda las opciones de montaje de diversos accesorios. [&hellip;]<\/p>\n","protected":false},"featured_media":2102298,"comment_status":"open","ping_status":"closed","template":"","meta":[],"product_cat":[3248],"product_tag":[],"acf":[],"gallery_images":[2102305,2102311,2102161,2102167,2102193],"_links":{"self":[{"href":"https:\/\/eu.tilta.com\/es\/wp-json\/wp\/v2\/product\/2112499"}],"collection":[{"href":"https:\/\/eu.tilta.com\/es\/wp-json\/wp\/v2\/product"}],"about":[{"href":"https:\/\/eu.tilta.com\/es\/wp-json\/wp\/v2\/types\/product"}],"replies":[{"embeddable":true,"href":"https:\/\/eu.tilta.com\/es\/wp-json\/wp\/v2\/comments?post=2112499"}],"wp:featuredmedia":[{"embeddable":true,"href":"https:\/\/eu.tilta.com\/es\/wp-json\/wp\/v2\/media\/2102298"}],"wp:attachment":[{"href":"https:\/\/eu.tilta.com\/es\/wp-json\/wp\/v2\/media?parent=2112499"}],"wp:term":[{"taxonomy":"product_cat","embeddable":true,"href":"https:\/\/eu.tilta.com\/es\/wp-json\/wp\/v2\/product_cat?post=2112499"},{"taxonomy":"product_tag","embeddable":true,"href":"https:\/\/eu.tilta.com\/es\/wp-json\/wp\/v2\/product_tag?post=2112499"}],"curies":[{"name":"wp","href":"https:\/\/api.w.org\/{rel}","templated":true}]}}