{"id":2155744,"date":"2025-02-21T08:36:31","date_gmt":"2025-02-21T07:36:31","guid":{"rendered":"https:\/\/eu.tilta.com\/shop\/adaptador-para-soporte-de-montaje-giratorio-para-telefono-v2-negro\/"},"modified":"2026-02-16T09:03:42","modified_gmt":"2026-02-16T08:03:42","slug":"adapter-for-rotatable-phone-mounting-bracket-v2-black","status":"publish","type":"product","link":"https:\/\/eu.tilta.com\/es\/shop\/adapter-for-rotatable-phone-mounting-bracket-v2-black\/","title":{"rendered":"Adaptador para soporte de montaje giratorio para tel\u00e9fono V2 &#8211; Negro"},"content":{"rendered":"<p><em>Presentamos el Adaptador para Soporte de Tel\u00e9fono Giratorio V2  <\/em><\/p>\n<p>Esta serie de adaptadores permite a los usuarios montar el Soporte telef\u00f3nico giratorio V2 mediante varias opciones de conexi\u00f3n diferentes.<\/p>\n<p>La montura de varilla de 15 mm la hace ideal para conectarla a equipos de c\u00e1mara que utilicen varillas de 15 mm o al brazo de soporte central de la Hydra Alien Mini.<\/p>\n<p>Otras opciones para montar este accesorio son la OTAN, la zapata fr\u00eda, las roscas de 1\/4\u2033-20 y el manillar.<\/p>\n<p>Estos adaptadores se conectan al soporte de montaje mediante un tornillo de 1\/4\u2033-20 y pasadores de fijaci\u00f3n, lo que crea una conexi\u00f3n ligera pero segura.<\/p>\n","protected":false},"excerpt":{"rendered":"<p>Presentamos el Adaptador para Soporte de Tel\u00e9fono Giratorio V2 Esta serie de adaptadores permite a los usuarios montar el Soporte telef\u00f3nico giratorio V2 mediante varias opciones de conexi\u00f3n diferentes. La montura de varilla de 15 mm la hace ideal para [&hellip;]<\/p>\n","protected":false},"featured_media":2119095,"comment_status":"open","ping_status":"closed","template":"","meta":[],"product_cat":[4448,2959,2732],"product_tag":[],"acf":[],"gallery_images":[2119111,2119217,2119098,2119211,2118463],"_links":{"self":[{"href":"https:\/\/eu.tilta.com\/es\/wp-json\/wp\/v2\/product\/2155744"}],"collection":[{"href":"https:\/\/eu.tilta.com\/es\/wp-json\/wp\/v2\/product"}],"about":[{"href":"https:\/\/eu.tilta.com\/es\/wp-json\/wp\/v2\/types\/product"}],"replies":[{"embeddable":true,"href":"https:\/\/eu.tilta.com\/es\/wp-json\/wp\/v2\/comments?post=2155744"}],"wp:featuredmedia":[{"embeddable":true,"href":"https:\/\/eu.tilta.com\/es\/wp-json\/wp\/v2\/media\/2119095"}],"wp:attachment":[{"href":"https:\/\/eu.tilta.com\/es\/wp-json\/wp\/v2\/media?parent=2155744"}],"wp:term":[{"taxonomy":"product_cat","embeddable":true,"href":"https:\/\/eu.tilta.com\/es\/wp-json\/wp\/v2\/product_cat?post=2155744"},{"taxonomy":"product_tag","embeddable":true,"href":"https:\/\/eu.tilta.com\/es\/wp-json\/wp\/v2\/product_tag?post=2155744"}],"curies":[{"name":"wp","href":"https:\/\/api.w.org\/{rel}","templated":true}]}}