{"id":2155776,"date":"2025-03-05T03:32:33","date_gmt":"2025-03-05T02:32:33","guid":{"rendered":"https:\/\/eu.tilta.com\/shop\/bateria-tilta-np-fw50-con-entrada-usb-c-980-mah-verde\/"},"modified":"2026-04-15T03:55:12","modified_gmt":"2026-04-15T01:55:12","slug":"tilta-np-fw50-battery-with-usb-c-input-980mah-green","status":"publish","type":"product","link":"https:\/\/eu.tilta.com\/es\/shop\/tilta-np-fw50-battery-with-usb-c-input-980mah-green\/","title":{"rendered":"Bater\u00eda Tilta NP-FW50 con entrada USB-C (980 mAh) &#8211; Verde"},"content":{"rendered":"<p>La Bater\u00eda de Alta Capacidad NP-FW50 est\u00e1 dise\u00f1ada para proporcionar energ\u00eda fiable y duradera a tu c\u00e1mara, garantizando que puedas seguir disparando durante m\u00e1s tiempo sin interrupciones.<\/p>\n<p>Con una innovadora c\u00e9lula de bater\u00eda de alta densidad energ\u00e9tica, esta bater\u00eda ofrece una mayor resistencia, lo que la hace ideal tanto para sesiones fotogr\u00e1ficas como de v\u00eddeo.<\/p>\n<p>El puerto USB-C integrado admite carga r\u00e1pida PD, para que puedas recargar c\u00f3modamente la bater\u00eda directamente sin necesidad de una base de carga.<\/p>\n<p>Gracias a su chip de descodificaci\u00f3n, la NP-FW50 ofrece indicaciones precisas del nivel de bater\u00eda sin avisos de bater\u00eda no homologados. Probada profesionalmente para cumplir las normas de la CIPA, esta bater\u00eda te permite hacer hasta 600 fotos o grabar m\u00e1s de 2 horas de v\u00eddeo con una sola carga.<\/p>\n<p>Con unas dimensiones iguales a las del original, encaja perfectamente en tu c\u00e1mara, garantizando una compatibilidad perfecta. Tambi\u00e9n est\u00e1 equipado con m\u00faltiples certificaciones internacionales de seguridad (CCC, FCC, CE, PSE, KC, UL, BSMI), que ofrecen tranquilidad y una protecci\u00f3n fiable.<\/p>\n<p>Tanto si eres profesional como aficionado, la NP-FW50 es una soluci\u00f3n de alimentaci\u00f3n inteligente, eficiente y segura para todas tus necesidades de fotograf\u00eda y videograf\u00eda.<\/p>\n","protected":false},"excerpt":{"rendered":"<p>La Bater\u00eda de Alta Capacidad NP-FW50 est\u00e1 dise\u00f1ada para proporcionar energ\u00eda fiable y duradera a tu c\u00e1mara, garantizando que puedas seguir disparando durante m\u00e1s tiempo sin interrupciones. Con una innovadora c\u00e9lula de bater\u00eda de alta densidad energ\u00e9tica, esta bater\u00eda ofrece [&hellip;]<\/p>\n","protected":false},"featured_media":2153888,"comment_status":"open","ping_status":"closed","template":"","meta":[],"product_cat":[4495,3836],"product_tag":[],"acf":[],"gallery_images":[2153894,2153900,2153906,2153912,2153918,2153924],"_links":{"self":[{"href":"https:\/\/eu.tilta.com\/es\/wp-json\/wp\/v2\/product\/2155776"}],"collection":[{"href":"https:\/\/eu.tilta.com\/es\/wp-json\/wp\/v2\/product"}],"about":[{"href":"https:\/\/eu.tilta.com\/es\/wp-json\/wp\/v2\/types\/product"}],"replies":[{"embeddable":true,"href":"https:\/\/eu.tilta.com\/es\/wp-json\/wp\/v2\/comments?post=2155776"}],"wp:featuredmedia":[{"embeddable":true,"href":"https:\/\/eu.tilta.com\/es\/wp-json\/wp\/v2\/media\/2153888"}],"wp:attachment":[{"href":"https:\/\/eu.tilta.com\/es\/wp-json\/wp\/v2\/media?parent=2155776"}],"wp:term":[{"taxonomy":"product_cat","embeddable":true,"href":"https:\/\/eu.tilta.com\/es\/wp-json\/wp\/v2\/product_cat?post=2155776"},{"taxonomy":"product_tag","embeddable":true,"href":"https:\/\/eu.tilta.com\/es\/wp-json\/wp\/v2\/product_tag?post=2155776"}],"curies":[{"name":"wp","href":"https:\/\/api.w.org\/{rel}","templated":true}]}}