{"id":2155787,"date":"2025-02-21T07:13:14","date_gmt":"2025-02-21T06:13:14","guid":{"rendered":"https:\/\/eu.tilta.com\/shop\/soporte-giratorio-para-telefono-tilta-v2-negro\/"},"modified":"2026-02-16T09:03:44","modified_gmt":"2026-02-16T08:03:44","slug":"tilta-rotatable-phone-mounting-bracket-v2-black","status":"publish","type":"product","link":"https:\/\/eu.tilta.com\/es\/shop\/tilta-rotatable-phone-mounting-bracket-v2-black\/","title":{"rendered":"Soporte giratorio para tel\u00e9fono Tilta V2 &#8211; Negro"},"content":{"rendered":"<p>El Soporte de montaje para tel\u00e9fono giratorio Tilta V2 permite a los usuarios integrar f\u00e1cilmente su smartphone con su c\u00e1mara o sistema de soporte.<\/p>\n<p>Este soporte de montaje prioriza la flexibilidad, con un rango de inclinaci\u00f3n de 180 grados y un rango de rotaci\u00f3n de 360 grados.<\/p>\n<p>El centro de atenci\u00f3n de este accesorio es una pinza ajustable que se adapta a dispositivos de entre 75 mm y 95 mm de ancho.<\/p>\n<p>Esta pinza incorpora un acolchado de silicona que protege los dispositivos de ara\u00f1azos y mejora el agarre de la pinza para una conexi\u00f3n m\u00e1s segura.<\/p>\n<p>Los puntos de montaje adicionales admiten accesorios que utilizan zapatas fr\u00edas o roscas de 1\/4\u2033-20, lo que permite posibilidades de montaje \u00fanicas.<\/p>\n<p>La montura de varilla de 15 mm la hace ideal para conectarla a equipos de c\u00e1mara que utilicen varillas de 15 mm o al brazo de soporte central de la Hydra Alien Mini.<\/p>\n<p>Otras opciones para montar este accesorio son la OTAN, la zapata fr\u00eda, las roscas de 1\/4\u2033-20 y el manillar.<\/p>\n","protected":false},"excerpt":{"rendered":"<p>El Soporte de montaje para tel\u00e9fono giratorio Tilta V2 permite a los usuarios integrar f\u00e1cilmente su smartphone con su c\u00e1mara o sistema de soporte. Este soporte de montaje prioriza la flexibilidad, con un rango de inclinaci\u00f3n de 180 grados y [&hellip;]<\/p>\n","protected":false},"featured_media":2118503,"comment_status":"open","ping_status":"closed","template":"","meta":[],"product_cat":[4448,2959,2732],"product_tag":[],"acf":[],"gallery_images":[2118487,2118481,2118475,2118469,2118493,2118457,2118445,2118451,2118463],"_links":{"self":[{"href":"https:\/\/eu.tilta.com\/es\/wp-json\/wp\/v2\/product\/2155787"}],"collection":[{"href":"https:\/\/eu.tilta.com\/es\/wp-json\/wp\/v2\/product"}],"about":[{"href":"https:\/\/eu.tilta.com\/es\/wp-json\/wp\/v2\/types\/product"}],"replies":[{"embeddable":true,"href":"https:\/\/eu.tilta.com\/es\/wp-json\/wp\/v2\/comments?post=2155787"}],"wp:featuredmedia":[{"embeddable":true,"href":"https:\/\/eu.tilta.com\/es\/wp-json\/wp\/v2\/media\/2118503"}],"wp:attachment":[{"href":"https:\/\/eu.tilta.com\/es\/wp-json\/wp\/v2\/media?parent=2155787"}],"wp:term":[{"taxonomy":"product_cat","embeddable":true,"href":"https:\/\/eu.tilta.com\/es\/wp-json\/wp\/v2\/product_cat?post=2155787"},{"taxonomy":"product_tag","embeddable":true,"href":"https:\/\/eu.tilta.com\/es\/wp-json\/wp\/v2\/product_tag?post=2155787"}],"curies":[{"name":"wp","href":"https:\/\/api.w.org\/{rel}","templated":true}]}}