{"id":2233543,"date":"2025-03-24T09:07:08","date_gmt":"2025-03-24T08:07:08","guid":{"rendered":"https:\/\/eu.tilta.com\/shop\/kit-de-eslinga-y-hebilla-tilta-fe-7-mm\/"},"modified":"2026-04-15T03:56:12","modified_gmt":"2026-04-15T01:56:12","slug":"tilta-fe-lanyard-and-buckle-kit-7mm","status":"publish","type":"product","link":"https:\/\/eu.tilta.com\/es\/shop\/tilta-fe-lanyard-and-buckle-kit-7mm\/","title":{"rendered":"Kit de eslinga y hebilla Tilta Fe (7 mm)"},"content":{"rendered":"<div class=\"overview-text\">\n<p><em>Mejora tu filmaci\u00f3n m\u00f3vil y el uso diario de tu smartphone con el kit de cord\u00f3n y hebilla Tilta Fe, un accesorio elegante y funcional dise\u00f1ado para ofrecer comodidad y estilo.<\/em><\/p>\n<p>Este kit incluye dos cordones de distinto tama\u00f1o, para que puedas elegir el que mejor se adapte a tu configuraci\u00f3n. Tanto si capturas contenidos sobre la marcha como si mantienes tu tel\u00e9fono f\u00e1cilmente accesible.<\/p>\n<p>El sistema de hebilla amortiguada garantiza una rotaci\u00f3n suave y sin fisuras, para que puedas ajustar el tel\u00e9fono sin esfuerzo mientras lo usas.<\/p>\n<p>Dise\u00f1ado para ser utilizado exclusivamente con tel\u00e9fonos inteligentes, este kit requiere una funda de tel\u00e9fono inteligente para una fijaci\u00f3n segura. Su dise\u00f1o de primera calidad combina a la perfecci\u00f3n con la Funda para tel\u00e9fono y el Ecosistema Khronos, por lo que es un complemento ideal para tu configuraci\u00f3n de producci\u00f3n m\u00f3vil.<\/p>\n<p><em>Mantente conectado, con las manos libres y el control con el kit de cord\u00f3n y hebilla Tilta Fe, dise\u00f1ado para creadores, profesionales y usuarios cotidianos por igual.<\/em><\/p>\n<\/div>\n","protected":false},"excerpt":{"rendered":"<p>Mejora tu filmaci\u00f3n m\u00f3vil y el uso diario de tu smartphone con el kit de cord\u00f3n y hebilla Tilta Fe, un accesorio elegante y funcional dise\u00f1ado para ofrecer comodidad y estilo. Este kit incluye dos cordones de distinto tama\u00f1o, para [&hellip;]<\/p>\n","protected":false},"featured_media":2204573,"comment_status":"open","ping_status":"closed","template":"","meta":[],"product_cat":[4493,2966],"product_tag":[],"acf":[],"gallery_images":[2204541,2204535,2204554,2204561,2204567,2204548],"_links":{"self":[{"href":"https:\/\/eu.tilta.com\/es\/wp-json\/wp\/v2\/product\/2233543"}],"collection":[{"href":"https:\/\/eu.tilta.com\/es\/wp-json\/wp\/v2\/product"}],"about":[{"href":"https:\/\/eu.tilta.com\/es\/wp-json\/wp\/v2\/types\/product"}],"replies":[{"embeddable":true,"href":"https:\/\/eu.tilta.com\/es\/wp-json\/wp\/v2\/comments?post=2233543"}],"wp:featuredmedia":[{"embeddable":true,"href":"https:\/\/eu.tilta.com\/es\/wp-json\/wp\/v2\/media\/2204573"}],"wp:attachment":[{"href":"https:\/\/eu.tilta.com\/es\/wp-json\/wp\/v2\/media?parent=2233543"}],"wp:term":[{"taxonomy":"product_cat","embeddable":true,"href":"https:\/\/eu.tilta.com\/es\/wp-json\/wp\/v2\/product_cat?post=2233543"},{"taxonomy":"product_tag","embeddable":true,"href":"https:\/\/eu.tilta.com\/es\/wp-json\/wp\/v2\/product_tag?post=2233543"}],"curies":[{"name":"wp","href":"https:\/\/api.w.org\/{rel}","templated":true}]}}