{"id":2233574,"date":"2025-03-31T09:37:11","date_gmt":"2025-03-31T07:37:11","guid":{"rendered":"https:\/\/eu.tilta.com\/shop\/placa-superior-de-zapata-para-sony-fx3-fx30-v2-negra\/"},"modified":"2025-12-05T14:19:31","modified_gmt":"2025-12-05T13:19:31","slug":"hot-shoe-top-plate-for-sony-fx3-fx30-v2-black","status":"publish","type":"product","link":"https:\/\/eu.tilta.com\/es\/shop\/hot-shoe-top-plate-for-sony-fx3-fx30-v2-black\/","title":{"rendered":"Placa superior de zapata para Sony FX3\/FX30 V2 &#8211; Negra"},"content":{"rendered":"<p><em>Esta Placa superior de zapata para Sony FX3\/FX30 V2 es el accesorio compacto alternativo para ampliar las opciones de montaje de la jaula de tu c\u00e1mara FX3\/30.<\/em><\/p>\n<p>Esta placa superior proporciona espacio libre a la zapata de la FX3\/30, lo que permite a los usuarios utilizar accesorios como el micr\u00f3fono ECM-W3 de Sony.<\/p>\n<p>Se integra perfectamente en la jaula de tu c\u00e1mara FX3\/30 V2, ofreciendo diversas opciones de montaje, como roscas OTAN, 1\/4\u2033-20 y 3\/8\u2033-16 con puntos de localizaci\u00f3n Arri.<\/p>\n<p>Con un dise\u00f1o desmontable, los usuarios pueden retirar el ra\u00edl Nato para obtener un perfil m\u00e1s peque\u00f1o y seguir disponiendo de roscas de 1\/4\u2033-20 como opci\u00f3n de montaje.<\/p>\n<p>Para garantizar la compatibilidad universal, esta placa de montaje se conecta mediante dos tornillos de 1\/4\u2033-20 con un paso de 25 mm, lo que evita la rotaci\u00f3n involuntaria.<\/p>\n","protected":false},"excerpt":{"rendered":"<p>Esta Placa superior de zapata para Sony FX3\/FX30 V2 es el accesorio compacto alternativo para ampliar las opciones de montaje de la jaula de tu c\u00e1mara FX3\/30. Esta placa superior proporciona espacio libre a la zapata de la FX3\/30, lo [&hellip;]<\/p>\n","protected":false},"featured_media":2226466,"comment_status":"open","ping_status":"closed","template":"","meta":[],"product_cat":[2734],"product_tag":[],"acf":[],"gallery_images":[2226472,2226478,2226484,2226490,2226496,2226503],"_links":{"self":[{"href":"https:\/\/eu.tilta.com\/es\/wp-json\/wp\/v2\/product\/2233574"}],"collection":[{"href":"https:\/\/eu.tilta.com\/es\/wp-json\/wp\/v2\/product"}],"about":[{"href":"https:\/\/eu.tilta.com\/es\/wp-json\/wp\/v2\/types\/product"}],"replies":[{"embeddable":true,"href":"https:\/\/eu.tilta.com\/es\/wp-json\/wp\/v2\/comments?post=2233574"}],"wp:featuredmedia":[{"embeddable":true,"href":"https:\/\/eu.tilta.com\/es\/wp-json\/wp\/v2\/media\/2226466"}],"wp:attachment":[{"href":"https:\/\/eu.tilta.com\/es\/wp-json\/wp\/v2\/media?parent=2233574"}],"wp:term":[{"taxonomy":"product_cat","embeddable":true,"href":"https:\/\/eu.tilta.com\/es\/wp-json\/wp\/v2\/product_cat?post=2233574"},{"taxonomy":"product_tag","embeddable":true,"href":"https:\/\/eu.tilta.com\/es\/wp-json\/wp\/v2\/product_tag?post=2233574"}],"curies":[{"name":"wp","href":"https:\/\/api.w.org\/{rel}","templated":true}]}}