{"id":2233591,"date":"2025-03-22T18:59:56","date_gmt":"2025-03-22T17:59:56","guid":{"rendered":"https:\/\/eu.tilta.com\/shop\/placa-inferior-arca-con-paso-de-cables-para-a1-ii-a9-iii-negro\/"},"modified":"2025-12-05T14:19:50","modified_gmt":"2025-12-05T13:19:50","slug":"arca-bottom-plate-with-cable-passthrough-for-a1-ii-a9-iii-black","status":"publish","type":"product","link":"https:\/\/eu.tilta.com\/es\/shop\/arca-bottom-plate-with-cable-passthrough-for-a1-ii-a9-iii-black\/","title":{"rendered":"Placa inferior ARCA con paso de cables para a1 II\/a9 III &#8211; Negro"},"content":{"rendered":"<div class=\"overview-text\">\n<p>Presentamos la placa inferior ARCA con paso de cables para a1 II\/a9 III<\/p>\n<p>Esta Placa de Liberaci\u00f3n R\u00e1pida ARCA puede fijarse directamente a la parte inferior de la Jaula de C\u00e1mara Completa para Sony a1 II\/a9 III.<\/p>\n<p>Esto permite que la c\u00e1mara se monte f\u00e1cilmente en cualquier receptor ARCA, como el que encontrar\u00edas en un card\u00e1n Ronin de la serie S o en muchos tr\u00edpodes ligeros, como nuestro tr\u00edpode de viaje con cabeza fluida VT-05.<\/p>\n<p>Esta placa incorpora una ranura pasacables espec\u00edfica que permite a los usuarios pasar cables entre la jaula de la c\u00e1mara y la placa inferior.<\/p>\n<p>Esto crea una opci\u00f3n c\u00f3moda para mantener limpia la estructura de la c\u00e1mara y mejora la seguridad del cable al limitar las desconexiones accidentales.<\/p>\n<p>Este adaptador est\u00e1 dise\u00f1ado para ser seguro, ya que utiliza dos puntos de contacto entre la jaula de la c\u00e1mara y la placa inferior.<\/p>\n<\/div>\n","protected":false},"excerpt":{"rendered":"<p>Presentamos la placa inferior ARCA con paso de cables para a1 II\/a9 III Esta Placa de Liberaci\u00f3n R\u00e1pida ARCA puede fijarse directamente a la parte inferior de la Jaula de C\u00e1mara Completa para Sony a1 II\/a9 III. Esto permite que [&hellip;]<\/p>\n","protected":false},"featured_media":2201865,"comment_status":"open","ping_status":"closed","template":"","meta":[],"product_cat":[3893],"product_tag":[],"acf":[],"gallery_images":[2201884,2201890,2201878,2201872,2201600,2201612],"_links":{"self":[{"href":"https:\/\/eu.tilta.com\/es\/wp-json\/wp\/v2\/product\/2233591"}],"collection":[{"href":"https:\/\/eu.tilta.com\/es\/wp-json\/wp\/v2\/product"}],"about":[{"href":"https:\/\/eu.tilta.com\/es\/wp-json\/wp\/v2\/types\/product"}],"replies":[{"embeddable":true,"href":"https:\/\/eu.tilta.com\/es\/wp-json\/wp\/v2\/comments?post=2233591"}],"wp:featuredmedia":[{"embeddable":true,"href":"https:\/\/eu.tilta.com\/es\/wp-json\/wp\/v2\/media\/2201865"}],"wp:attachment":[{"href":"https:\/\/eu.tilta.com\/es\/wp-json\/wp\/v2\/media?parent=2233591"}],"wp:term":[{"taxonomy":"product_cat","embeddable":true,"href":"https:\/\/eu.tilta.com\/es\/wp-json\/wp\/v2\/product_cat?post=2233591"},{"taxonomy":"product_tag","embeddable":true,"href":"https:\/\/eu.tilta.com\/es\/wp-json\/wp\/v2\/product_tag?post=2233591"}],"curies":[{"name":"wp","href":"https:\/\/api.w.org\/{rel}","templated":true}]}}