{"id":2233599,"date":"2025-03-22T18:33:01","date_gmt":"2025-03-22T17:33:01","guid":{"rendered":"https:\/\/eu.tilta.com\/shop\/jaula-de-camara-para-kit-base-sony-a1-ii-a9-iii-negro\/"},"modified":"2025-12-05T14:19:52","modified_gmt":"2025-12-05T13:19:52","slug":"camera-cage-for-sony-a1-ii-a9-iii-base-kit-black","status":"publish","type":"product","link":"https:\/\/eu.tilta.com\/es\/shop\/camera-cage-for-sony-a1-ii-a9-iii-base-kit-black\/","title":{"rendered":"Jaula de c\u00e1mara para kit base Sony a1 II\/a9 III &#8211; Negro"},"content":{"rendered":"<div class=\"overview-text\">\n<p><em>Presentamos el kit de base de jaula de c\u00e1mara para la Sony a1 II y a9 III<\/em><\/p>\n<p>La base de este kit es la jaula completa para la c\u00e1mara, que proporciona protecci\u00f3n adicional para el cuerpo de la c\u00e1mara al tiempo que ampl\u00eda las opciones de montaje para diversos accesorios.<\/p>\n<p>La Jaula Completa incorpora un Receptor de Zapata Fr\u00eda, Roscas M3, Roscas 1\/4\u2033-20 con Puntos de Localizaci\u00f3n y un Adaptador de Rosca de 3\/8\u2033-16 a 1\/4\u2033-20.<\/p>\n<p>Esta jaula presenta un dise\u00f1o modular que permite a los usuarios pasar f\u00e1cilmente de una jaula completa a una media jaula quitando unos pocos tornillos. Las abrazaderas para cables HDMI incluidas garantizan que un cable HDMI utilizado con cualquiera de los dos cuerpos de la c\u00e1mara permanecer\u00e1 seguro.<\/p>\n<p>En este kit se incluye el asa superior XENO, que se monta mediante un tornillo 1\/4\u2033-20 en la parte superior de la jaula y utiliza pasadores de fijaci\u00f3n para mantenerse firme. Este asa superior mejora la flexibilidad para disparar y manejar el sistema , lo que resulta especialmente \u00fatil para \u00e1ngulos bajos.<\/p>\n<p>El asa superior tambi\u00e9n ampl\u00eda las opciones de montaje de accesorios mediante roscas adicionales de 1\/4\u2033-20 y un receptor de zapata fr\u00eda, perfecto para un monitor externo mediante nuestro soporte para accesorios de zapata fr\u00eda. (no incluido)<\/p>\n<\/div>\n","protected":false},"excerpt":{"rendered":"<p>Presentamos el kit de base de jaula de c\u00e1mara para la Sony a1 II y a9 III La base de este kit es la jaula completa para la c\u00e1mara, que proporciona protecci\u00f3n adicional para el cuerpo de la c\u00e1mara al [&hellip;]<\/p>\n","protected":false},"featured_media":2201777,"comment_status":"open","ping_status":"closed","template":"","meta":[],"product_cat":[3893],"product_tag":[],"acf":[],"gallery_images":[2201783,2201789,2201795,2201600,2201612,2201606],"_links":{"self":[{"href":"https:\/\/eu.tilta.com\/es\/wp-json\/wp\/v2\/product\/2233599"}],"collection":[{"href":"https:\/\/eu.tilta.com\/es\/wp-json\/wp\/v2\/product"}],"about":[{"href":"https:\/\/eu.tilta.com\/es\/wp-json\/wp\/v2\/types\/product"}],"replies":[{"embeddable":true,"href":"https:\/\/eu.tilta.com\/es\/wp-json\/wp\/v2\/comments?post=2233599"}],"wp:featuredmedia":[{"embeddable":true,"href":"https:\/\/eu.tilta.com\/es\/wp-json\/wp\/v2\/media\/2201777"}],"wp:attachment":[{"href":"https:\/\/eu.tilta.com\/es\/wp-json\/wp\/v2\/media?parent=2233599"}],"wp:term":[{"taxonomy":"product_cat","embeddable":true,"href":"https:\/\/eu.tilta.com\/es\/wp-json\/wp\/v2\/product_cat?post=2233599"},{"taxonomy":"product_tag","embeddable":true,"href":"https:\/\/eu.tilta.com\/es\/wp-json\/wp\/v2\/product_tag?post=2233599"}],"curies":[{"name":"wp","href":"https:\/\/api.w.org\/{rel}","templated":true}]}}