{"id":2233617,"date":"2025-03-22T17:07:22","date_gmt":"2025-03-22T16:07:22","guid":{"rendered":"https:\/\/eu.tilta.com\/shop\/jaula-de-camara-para-sony-a1-ii-a9-iii-pro-kit-negro\/"},"modified":"2025-12-05T14:19:59","modified_gmt":"2025-12-05T13:19:59","slug":"camera-cage-for-sony-a1-ii-a9-iii-pro-kit-black","status":"publish","type":"product","link":"https:\/\/eu.tilta.com\/es\/shop\/camera-cage-for-sony-a1-ii-a9-iii-pro-kit-black\/","title":{"rendered":"Jaula de c\u00e1mara para Sony a1 II\/a9 III Pro Kit &#8211; Negro"},"content":{"rendered":"<div class=\"overview-text\">\n<p><em>Presentamos el Kit Camera Cage Pro para la Sony a1 II y a9 III<\/em><\/p>\n<p>La base de este kit es la jaula completa para la c\u00e1mara, que proporciona protecci\u00f3n adicional para el cuerpo de la c\u00e1mara al tiempo que ampl\u00eda las opciones de montaje para diversos accesorios.<\/p>\n<p>La Jaula Completa incorpora un Receptor de Zapata Fr\u00eda, Roscas M3, Roscas 1\/4\u2033-20 con Puntos de Localizaci\u00f3n y un Adaptador de Rosca de 3\/8\u2033-16 a 1\/4\u2033-20.<\/p>\n<p>Esta jaula presenta un dise\u00f1o modular que permite a los usuarios pasar f\u00e1cilmente de una jaula completa a una media jaula quitando unos pocos tornillos. Las abrazaderas para cables HDMI incluidas garantizan que un cable HDMI utilizado con cualquiera de los dos cuerpos de la c\u00e1mara permanecer\u00e1 seguro.<\/p>\n<p>En este kit se incluye el asa superior XENO, que se monta mediante un tornillo 1\/4\u2033-20 en la parte superior de la jaula y utiliza pasadores de fijaci\u00f3n para mantenerse firme. Este asa superior mejora la flexibilidad para disparar y manejar el sistema , lo que resulta especialmente \u00fatil para \u00e1ngulos bajos.<\/p>\n<p>El asa superior tambi\u00e9n ampl\u00eda las opciones de montaje de accesorios mediante roscas adicionales de 1\/4\u2033-20 y un receptor de zapata fr\u00eda, perfecto para un monitor externo mediante nuestro soporte para accesorios de zapata fr\u00eda. (no incluido)<\/p>\n<p>La placa base de 15 mm incluida permite a los usuarios utilizar las varillas de 15 mm incluidas para montar diversos accesorios. El dise\u00f1o de altura ajustable permite a los usuarios mantener el est\u00e1ndar LWS de 85 mm entre sus varillas y el centro de su sensor, para garantizar la compatibilidad con una serie de accesorios diversos,<\/p>\n<p>La distancia desde el centro de las varillas al receptor Arca oscila entre 18 mm y 38 mm y es compatible con las placas Arca est\u00e1ndar de DJI. La parte inferior de la placa base es compatible con las colas de milano est\u00e1ndar Tilta y tambi\u00e9n dispone de roscas de 1\/4\u2033-20 para montarla en tr\u00edpodes y otros sistemas de soporte.<\/p>\n<p>Tambi\u00e9n se incluye una empu\u00f1adura ergon\u00f3mica de madera que se monta mediante pasadores de fijaci\u00f3n de 1\/4\u2033-20 y proporciona una comodidad adicional al manejar o manipular la c\u00e1mara. El bot\u00f3n de liberaci\u00f3n situado en el lateral de la montura permite a los usuarios ajustar f\u00e1cilmente el \u00e1ngulo de la empu\u00f1adura para conseguir la posici\u00f3n de funcionamiento perfecta, as\u00ed como volver a colocarla r\u00e1pidamente al ajustarla para diferentes tomas.<\/p>\n<\/div>\n","protected":false},"excerpt":{"rendered":"<p>Presentamos el Kit Camera Cage Pro para la Sony a1 II y a9 III La base de este kit es la jaula completa para la c\u00e1mara, que proporciona protecci\u00f3n adicional para el cuerpo de la c\u00e1mara al tiempo que ampl\u00eda [&hellip;]<\/p>\n","protected":false},"featured_media":2201575,"comment_status":"open","ping_status":"closed","template":"","meta":[],"product_cat":[3893],"product_tag":[],"acf":[],"gallery_images":[2201581,2201587,2201593,2201600,2201612,2201606],"_links":{"self":[{"href":"https:\/\/eu.tilta.com\/es\/wp-json\/wp\/v2\/product\/2233617"}],"collection":[{"href":"https:\/\/eu.tilta.com\/es\/wp-json\/wp\/v2\/product"}],"about":[{"href":"https:\/\/eu.tilta.com\/es\/wp-json\/wp\/v2\/types\/product"}],"replies":[{"embeddable":true,"href":"https:\/\/eu.tilta.com\/es\/wp-json\/wp\/v2\/comments?post=2233617"}],"wp:featuredmedia":[{"embeddable":true,"href":"https:\/\/eu.tilta.com\/es\/wp-json\/wp\/v2\/media\/2201575"}],"wp:attachment":[{"href":"https:\/\/eu.tilta.com\/es\/wp-json\/wp\/v2\/media?parent=2233617"}],"wp:term":[{"taxonomy":"product_cat","embeddable":true,"href":"https:\/\/eu.tilta.com\/es\/wp-json\/wp\/v2\/product_cat?post=2233617"},{"taxonomy":"product_tag","embeddable":true,"href":"https:\/\/eu.tilta.com\/es\/wp-json\/wp\/v2\/product_tag?post=2233617"}],"curies":[{"name":"wp","href":"https:\/\/api.w.org\/{rel}","templated":true}]}}