{"id":2233618,"date":"2025-03-19T04:26:42","date_gmt":"2025-03-19T03:26:42","guid":{"rendered":"https:\/\/eu.tilta.com\/shop\/cabezal-amortiguador-para-hydra-alien-mini-universal-gris-titanio\/"},"modified":"2025-12-05T14:20:00","modified_gmt":"2025-12-05T13:20:00","slug":"shock-absorbing-head-for-hydra-alien-mini-universal-titanium-grey","status":"publish","type":"product","link":"https:\/\/eu.tilta.com\/es\/shop\/shock-absorbing-head-for-hydra-alien-mini-universal-titanium-grey\/","title":{"rendered":"Cabezal amortiguador para Hydra Alien Mini (Universal) &#8211; Gris titanio"},"content":{"rendered":"<div class=\"overview-text\">\n<p><strong>El Cabezal Amortiguador para la Hydra Alien Mini es una herramienta crucial para cineastas y creadores de contenidos que exigen la m\u00e1xima calidad de grabaci\u00f3n.<\/strong>  Dise\u00f1ado para contrarrestar las microvibraciones que pueden comprometer la estabilidad de la imagen, este accesorio especializado mejora el rendimiento de tu sistema de card\u00e1n Hydra Alien Mini, garantizando unos resultados suaves y de calidad profesional incluso en condiciones de disparo dif\u00edciles.<\/p>\n<p><strong>Dise\u00f1ado para rendir<\/strong><br \/>\nFabricado con precisi\u00f3n y dise\u00f1ado espec\u00edficamente para la <a href=\"https:\/\/eu.tilta.com\/product-category\/car-mounting-systems\/hydra-alien-mini-car-mounting-system\/\">Hydra Alien Mini<\/a>, el cabezal amortiguador se integra perfectamente en tu configuraci\u00f3n actual. Su robusta construcci\u00f3n, que utiliza aleaci\u00f3n de aluminio y caucho de alta calidad, garantiza su durabilidad y longevidad, mientras que su perfil ligero asegura un impacto m\u00ednimo en tu capacidad de carga \u00fatil.<\/p>\n<p><strong>Aplicaciones<\/strong><br \/>\nEste accesorio esencial es ideal para una amplia gama de escenarios cinematogr\u00e1ficos en los que la estabilidad de la c\u00e1mara es primordial. Tanto si capturas secuencias de acci\u00f3n din\u00e1micas, como si recorres terrenos irregulares o filmas desde veh\u00edculos en movimiento, el Cabezal Amortiguador te ayuda a conseguir una suavidad cinematogr\u00e1fica y a eliminar las sacudidas no deseadas de la c\u00e1mara.<\/p>\n<p><strong>Compatibilidad y versatilidad<\/strong><br \/>\nEste cabezal amortiguador es totalmente compatible con c\u00e1maras de acci\u00f3n como la serie Action de DJI, la serie Insta 360 ACE y la serie Hero de GoPro, ampliando tus posibilidades creativas con cardanes de mano. Adem\u00e1s, puede combinarse con la <a href=\"https:\/\/eu.tilta.com\/shop\/electronic-suction-cup-4-5_\/\">ventosa electr\u00f3nica<\/a> de Tilta para desbloquear una gran variedad de opciones de montaje y \u00e1ngulos de filmaci\u00f3n, proporcionando una flexibilidad sin precedentes para tus proyectos cinematogr\u00e1ficos.https:\/\/tilta.com\/shop\/electronic-suction-cup-4-5_\/<\/p>\n<p><strong>Eleva tu cine<\/strong><br \/>\nCon el Cabezal Amortiguador para la Hydra Alien Mini, podr\u00e1s capturar con confianza secuencias de calidad profesional en cualquier entorno. Este innovador accesorio te permite superar los l\u00edmites de tu creatividad y conseguir resultados cinematogr\u00e1ficos que cautivar\u00e1n a tu p\u00fablico.<\/p>\n<\/div>\n","protected":false},"excerpt":{"rendered":"<p>El Cabezal Amortiguador para la Hydra Alien Mini es una herramienta crucial para cineastas y creadores de contenidos que exigen la m\u00e1xima calidad de grabaci\u00f3n. Dise\u00f1ado para contrarrestar las microvibraciones que pueden comprometer la estabilidad de la imagen, este accesorio [&hellip;]<\/p>\n","protected":false},"featured_media":2193072,"comment_status":"open","ping_status":"closed","template":"","meta":[],"product_cat":[3261],"product_tag":[],"acf":[],"gallery_images":[2193066,2193060,2193054,2193048,2193042],"_links":{"self":[{"href":"https:\/\/eu.tilta.com\/es\/wp-json\/wp\/v2\/product\/2233618"}],"collection":[{"href":"https:\/\/eu.tilta.com\/es\/wp-json\/wp\/v2\/product"}],"about":[{"href":"https:\/\/eu.tilta.com\/es\/wp-json\/wp\/v2\/types\/product"}],"replies":[{"embeddable":true,"href":"https:\/\/eu.tilta.com\/es\/wp-json\/wp\/v2\/comments?post=2233618"}],"wp:featuredmedia":[{"embeddable":true,"href":"https:\/\/eu.tilta.com\/es\/wp-json\/wp\/v2\/media\/2193072"}],"wp:attachment":[{"href":"https:\/\/eu.tilta.com\/es\/wp-json\/wp\/v2\/media?parent=2233618"}],"wp:term":[{"taxonomy":"product_cat","embeddable":true,"href":"https:\/\/eu.tilta.com\/es\/wp-json\/wp\/v2\/product_cat?post=2233618"},{"taxonomy":"product_tag","embeddable":true,"href":"https:\/\/eu.tilta.com\/es\/wp-json\/wp\/v2\/product_tag?post=2233618"}],"curies":[{"name":"wp","href":"https:\/\/api.w.org\/{rel}","templated":true}]}}