{"id":2233650,"date":"2025-03-12T11:37:57","date_gmt":"2025-03-12T10:37:57","guid":{"rendered":"https:\/\/eu.tilta.com\/shop\/jaula-para-canon-c80-kit-avanzado\/"},"modified":"2025-12-05T14:20:09","modified_gmt":"2025-12-05T13:20:09","slug":"camera-cage-for-canon-c80-advanced-kit","status":"publish","type":"product","link":"https:\/\/eu.tilta.com\/es\/shop\/camera-cage-for-canon-c80-advanced-kit\/","title":{"rendered":"Jaula para Canon C80 Kit Avanzado"},"content":{"rendered":"<p><em>Presentamos la Jaula para Canon C80 Kit Avanzado<\/em><\/p>\n<p>Esta jaula para c\u00e1mara proporciona protecci\u00f3n adicional al cuerpo de la c\u00e1mara, al tiempo que ampl\u00eda las opciones de montaje de diversos accesorios. La Jaula Completa cuenta con un Receptor de Zapata Fr\u00eda, Riel NATO, Soporte para Correa de Mu\u00f1eca, Roscas 1\/4\u2033-20 y 3\/8\u2033-16, ambas con Puntos de Localizaci\u00f3n.<\/p>\n<p>Una caracter\u00edstica exclusiva de esta jaula es la placa lateral, que incorpora extensiones de bot\u00f3n integradas en el cuerpo de la c\u00e1mara que proporcionan una respuesta t\u00e1ctil y un f\u00e1cil acceso. La placa lateral opuesta tiene roscas que se adaptan r\u00e1pidamente a una configuraci\u00f3n vertical.<\/p>\n<p>La placa superior est\u00e1 dise\u00f1ada para permitir un acceso sin obst\u00e1culos al punto de montaje de la empu\u00f1adura superior original del C80, lo que convierte a esta jaula en una opci\u00f3n ideal para los usuarios que pretendan conservar la empu\u00f1adura original.<\/p>\n<p>Tambi\u00e9n se incluye el asa lateral Xeno, que utiliza una conexi\u00f3n OTAN para montarse en el lado izquierdo de la jaula. Con una altura ajustable de 40 mm, los usuarios pueden ajustar su posici\u00f3n preferida, lo que garantiza la comodidad al disparar c\u00e1mara en mano.<\/p>\n<p>La empu\u00f1adura incorpora silicona antideslizante, que proporciona un agarre texturizado que mejora la estabilidad, y cuenta con puntos de montaje como un receptor de zapata fr\u00eda y una rosca de 1\/4\u2033-20 con puntos de localizaci\u00f3n para accesorios adicionales.<\/p>\n<p>Este kit tambi\u00e9n incluye una placa base LWS de 15 mm que permite a los usuarios montar diversos accesorios basados en varillas, como sistemas de seguimiento del enfoque o cajas de mate.<\/p>\n<p>La placa base es compatible con las colas de milano est\u00e1ndar Tilta y puede alojar una amplia gama de placas de cierre r\u00e1pido mediante roscas de 1\/4\u2033-20 y 3\/8\u2033-16 en la parte inferior.<\/p>\n","protected":false},"excerpt":{"rendered":"<p>Presentamos la Jaula para Canon C80 Kit Avanzado Esta jaula para c\u00e1mara proporciona protecci\u00f3n adicional al cuerpo de la c\u00e1mara, al tiempo que ampl\u00eda las opciones de montaje de diversos accesorios. La Jaula Completa cuenta con un Receptor de Zapata [&hellip;]<\/p>\n","protected":false},"featured_media":2176346,"comment_status":"open","ping_status":"closed","template":"","meta":[],"product_cat":[3899],"product_tag":[],"acf":[],"gallery_images":[2176352,2176358,2176364,2176371,2176109,2176121,2176135],"_links":{"self":[{"href":"https:\/\/eu.tilta.com\/es\/wp-json\/wp\/v2\/product\/2233650"}],"collection":[{"href":"https:\/\/eu.tilta.com\/es\/wp-json\/wp\/v2\/product"}],"about":[{"href":"https:\/\/eu.tilta.com\/es\/wp-json\/wp\/v2\/types\/product"}],"replies":[{"embeddable":true,"href":"https:\/\/eu.tilta.com\/es\/wp-json\/wp\/v2\/comments?post=2233650"}],"wp:featuredmedia":[{"embeddable":true,"href":"https:\/\/eu.tilta.com\/es\/wp-json\/wp\/v2\/media\/2176346"}],"wp:attachment":[{"href":"https:\/\/eu.tilta.com\/es\/wp-json\/wp\/v2\/media?parent=2233650"}],"wp:term":[{"taxonomy":"product_cat","embeddable":true,"href":"https:\/\/eu.tilta.com\/es\/wp-json\/wp\/v2\/product_cat?post=2233650"},{"taxonomy":"product_tag","embeddable":true,"href":"https:\/\/eu.tilta.com\/es\/wp-json\/wp\/v2\/product_tag?post=2233650"}],"curies":[{"name":"wp","href":"https:\/\/api.w.org\/{rel}","templated":true}]}}