{"id":2233651,"date":"2025-03-12T11:50:36","date_gmt":"2025-03-12T10:50:36","guid":{"rendered":"https:\/\/eu.tilta.com\/shop\/jaula-para-canon-c80-pro-kit-montura-v\/"},"modified":"2025-12-05T14:20:10","modified_gmt":"2025-12-05T13:20:10","slug":"camera-cage-for-canon-c80-pro-kit-v-mount","status":"publish","type":"product","link":"https:\/\/eu.tilta.com\/es\/shop\/camera-cage-for-canon-c80-pro-kit-v-mount\/","title":{"rendered":"Jaula para Canon C80 Pro Kit &#8211; Montura V"},"content":{"rendered":"<p><em>Presentamos la Jaula de C\u00e1mara para el Kit Canon C80 Pro<\/em><\/p>\n<p>Esta jaula para c\u00e1mara proporciona protecci\u00f3n adicional al cuerpo de la c\u00e1mara, al tiempo que ampl\u00eda las opciones de montaje de diversos accesorios. La Jaula Completa cuenta con un Receptor de Zapata Fr\u00eda, Riel NATO, Soporte para Correa de Mu\u00f1eca, Roscas 1\/4\u2033-20 y 3\/8\u2033-16, ambas con Puntos de Localizaci\u00f3n.<\/p>\n<p>Una caracter\u00edstica exclusiva de esta jaula es la placa lateral, que incorpora extensiones de bot\u00f3n integradas en el cuerpo de la c\u00e1mara que proporcionan una respuesta t\u00e1ctil y un f\u00e1cil acceso. La placa lateral opuesta tiene roscas que se adaptan r\u00e1pidamente a una configuraci\u00f3n vertical.<\/p>\n<p>La placa superior est\u00e1 dise\u00f1ada para permitir un acceso sin obst\u00e1culos al punto de montaje de la empu\u00f1adura superior original del C80, lo que convierte a esta jaula en una opci\u00f3n ideal para los usuarios que pretendan conservar la empu\u00f1adura original.<\/p>\n<p>Tambi\u00e9n se incluye una empu\u00f1adura ergon\u00f3mica de madera que se monta mediante un ra\u00edl OTAN y proporciona una comodidad adicional al manejar o manipular la c\u00e1mara. El bot\u00f3n de liberaci\u00f3n situado en el lateral de la montura permite a los usuarios ajustar f\u00e1cilmente el \u00e1ngulo de la empu\u00f1adura para conseguir la posici\u00f3n de funcionamiento perfecta, as\u00ed como volver a colocarla r\u00e1pidamente al ajustarla para diferentes tomas.<\/p>\n<p>Este kit tambi\u00e9n incluye una placa base LWS de 15 mm que permite a los usuarios montar diversos accesorios basados en varillas, como sistemas de seguimiento del enfoque o cajas de mate. La placa base es compatible con las colas de milano est\u00e1ndar Tilta y puede alojar una amplia gama de placas de cierre r\u00e1pido mediante roscas de 1\/4\u2033-20 y 3\/8\u2033-16 en la parte inferior.<\/p>\n<p>La placa de bater\u00eda y el cable de alimentaci\u00f3n incluidos permiten a los usuarios ampliar el tiempo de funcionamiento del C80 y alimentar accesorios mediante un puerto USB-C PD de 60 W, un puerto P-Tap y una conexi\u00f3n Lemo de 2 patillas. El adaptador de varilla doble facilita la integraci\u00f3n de esta unidad en sistemas que utilizan varillas LWS de 15 mm.<\/p>\n","protected":false},"excerpt":{"rendered":"<p>Presentamos la Jaula de C\u00e1mara para el Kit Canon C80 Pro Esta jaula para c\u00e1mara proporciona protecci\u00f3n adicional al cuerpo de la c\u00e1mara, al tiempo que ampl\u00eda las opciones de montaje de diversos accesorios. La Jaula Completa cuenta con un [&hellip;]<\/p>\n","protected":false},"featured_media":2176532,"comment_status":"open","ping_status":"closed","template":"","meta":[],"product_cat":[3899],"product_tag":[],"acf":[],"gallery_images":[2176538,2176544,2176551,2176557,2176109,2176121,2176135],"_links":{"self":[{"href":"https:\/\/eu.tilta.com\/es\/wp-json\/wp\/v2\/product\/2233651"}],"collection":[{"href":"https:\/\/eu.tilta.com\/es\/wp-json\/wp\/v2\/product"}],"about":[{"href":"https:\/\/eu.tilta.com\/es\/wp-json\/wp\/v2\/types\/product"}],"replies":[{"embeddable":true,"href":"https:\/\/eu.tilta.com\/es\/wp-json\/wp\/v2\/comments?post=2233651"}],"wp:featuredmedia":[{"embeddable":true,"href":"https:\/\/eu.tilta.com\/es\/wp-json\/wp\/v2\/media\/2176532"}],"wp:attachment":[{"href":"https:\/\/eu.tilta.com\/es\/wp-json\/wp\/v2\/media?parent=2233651"}],"wp:term":[{"taxonomy":"product_cat","embeddable":true,"href":"https:\/\/eu.tilta.com\/es\/wp-json\/wp\/v2\/product_cat?post=2233651"},{"taxonomy":"product_tag","embeddable":true,"href":"https:\/\/eu.tilta.com\/es\/wp-json\/wp\/v2\/product_tag?post=2233651"}],"curies":[{"name":"wp","href":"https:\/\/api.w.org\/{rel}","templated":true}]}}