{"id":2233652,"date":"2025-03-12T11:27:34","date_gmt":"2025-03-12T10:27:34","guid":{"rendered":"https:\/\/eu.tilta.com\/shop\/jaula-para-canon-c80-kit-base\/"},"modified":"2025-12-05T14:20:10","modified_gmt":"2025-12-05T13:20:10","slug":"camera-cage-for-canon-c80-base-kit","status":"publish","type":"product","link":"https:\/\/eu.tilta.com\/es\/shop\/camera-cage-for-canon-c80-base-kit\/","title":{"rendered":"Jaula para Canon C80 Kit Base"},"content":{"rendered":"<p><em>Presentamos la Jaula de C\u00e1mara para el Kit Base Canon C80<\/em><\/p>\n<p>Esta jaula para c\u00e1mara proporciona protecci\u00f3n adicional al cuerpo de la c\u00e1mara, al tiempo que ampl\u00eda las opciones de montaje de diversos accesorios.<\/p>\n<p>La Jaula Completa cuenta con un Receptor de Zapata Fr\u00eda, Riel NATO, Soporte para Correa de Mu\u00f1eca, Roscas 1\/4\u2033-20 y 3\/8\u2033-16, ambas con Puntos de Localizaci\u00f3n.<\/p>\n<p>Una caracter\u00edstica exclusiva de esta jaula es la placa lateral, que incorpora extensiones de bot\u00f3n integradas en el cuerpo de la c\u00e1mara que proporcionan una respuesta t\u00e1ctil y un f\u00e1cil acceso.<\/p>\n<p>La placa lateral opuesta cuenta con puntos de montaje espec\u00edficamente alineados que permiten a los usuarios montar f\u00e1cilmente una placa de liberaci\u00f3n r\u00e1pida y voltear la c\u00e1mara en una configuraci\u00f3n vertical.<\/p>\n<p>La placa superior est\u00e1 dise\u00f1ada para permitir un acceso sin obst\u00e1culos al punto de montaje de la empu\u00f1adura superior original del C80, lo que convierte a esta jaula en una opci\u00f3n ideal para los usuarios que pretendan conservar la empu\u00f1adura original.<\/p>\n","protected":false},"excerpt":{"rendered":"<p>Presentamos la Jaula de C\u00e1mara para el Kit Base Canon C80 Esta jaula para c\u00e1mara proporciona protecci\u00f3n adicional al cuerpo de la c\u00e1mara, al tiempo que ampl\u00eda las opciones de montaje de diversos accesorios. La Jaula Completa cuenta con un [&hellip;]<\/p>\n","protected":false},"featured_media":2176115,"comment_status":"open","ping_status":"closed","template":"","meta":[],"product_cat":[3899],"product_tag":[],"acf":[],"gallery_images":[2176127,2176143,2176150,2176156,2176109,2176121,2176135],"_links":{"self":[{"href":"https:\/\/eu.tilta.com\/es\/wp-json\/wp\/v2\/product\/2233652"}],"collection":[{"href":"https:\/\/eu.tilta.com\/es\/wp-json\/wp\/v2\/product"}],"about":[{"href":"https:\/\/eu.tilta.com\/es\/wp-json\/wp\/v2\/types\/product"}],"replies":[{"embeddable":true,"href":"https:\/\/eu.tilta.com\/es\/wp-json\/wp\/v2\/comments?post=2233652"}],"wp:featuredmedia":[{"embeddable":true,"href":"https:\/\/eu.tilta.com\/es\/wp-json\/wp\/v2\/media\/2176115"}],"wp:attachment":[{"href":"https:\/\/eu.tilta.com\/es\/wp-json\/wp\/v2\/media?parent=2233652"}],"wp:term":[{"taxonomy":"product_cat","embeddable":true,"href":"https:\/\/eu.tilta.com\/es\/wp-json\/wp\/v2\/product_cat?post=2233652"},{"taxonomy":"product_tag","embeddable":true,"href":"https:\/\/eu.tilta.com\/es\/wp-json\/wp\/v2\/product_tag?post=2233652"}],"curies":[{"name":"wp","href":"https:\/\/api.w.org\/{rel}","templated":true}]}}