{"id":2233695,"date":"2025-03-11T04:31:08","date_gmt":"2025-03-11T03:31:08","guid":{"rendered":"https:\/\/eu.tilta.com\/shop\/soporte-vertical-ajustable-para-camara-tilta-negro\/"},"modified":"2025-12-05T14:20:33","modified_gmt":"2025-12-05T13:20:33","slug":"tilta-adjustable-vertical-camera-support-bracket-black","status":"publish","type":"product","link":"https:\/\/eu.tilta.com\/es\/shop\/tilta-adjustable-vertical-camera-support-bracket-black\/","title":{"rendered":"Soporte vertical ajustable para c\u00e1mara Tilta &#8211; Negro"},"content":{"rendered":"<p><em>Presentamos el Soporte Vertical Ajustable para C\u00e1mara Tilta &#8211; Negro  <\/em><\/p>\n<p>Este ligero accesorio basado en Arca permite a los usuarios cambiar instant\u00e1neamente entre las configuraciones de disparo horizontal y vertical.<\/p>\n<p>La base de este accesorio es una placa de liberaci\u00f3n r\u00e1pida Arca que puede montarse en muchos sistemas, como nuestra serie de tr\u00edpodes o los cardanes DJI Ronin.<\/p>\n<p>La montura para c\u00e1mara es compatible con la mayor\u00eda de las c\u00e1maras, ya que incorpora su propia placa de liberaci\u00f3n r\u00e1pida y un tornillo universal de 1\/4\u2033-20.<\/p>\n<p>Una vez montada la c\u00e1mara, todo lo que tienen que hacer los usuarios es desbloquear una palanca y girar la c\u00e1mara a lo largo del riel curvo, antes de volver a bloquearla en su sitio.<\/p>\n<p>Es ideal para entornos de rodaje r\u00e1pidos que requieren una mezcla de fotogramas horizontales y verticales.<\/p>\n<p><strong>Ten en cuenta que s\u00f3lo es compatible con c\u00e1maras peque\u00f1as y objetivos con un di\u00e1metro exterior de 82 mm o inferior.  <\/strong><\/p>\n","protected":false},"excerpt":{"rendered":"<p>Presentamos el Soporte Vertical Ajustable para C\u00e1mara Tilta &#8211; Negro Este ligero accesorio basado en Arca permite a los usuarios cambiar instant\u00e1neamente entre las configuraciones de disparo horizontal y vertical. La base de este accesorio es una placa de liberaci\u00f3n [&hellip;]<\/p>\n","protected":false},"featured_media":2172071,"comment_status":"open","ping_status":"closed","template":"","meta":[],"product_cat":[2877],"product_tag":[],"acf":[],"gallery_images":[2172077,2172083,2172089,2172095,2172102],"_links":{"self":[{"href":"https:\/\/eu.tilta.com\/es\/wp-json\/wp\/v2\/product\/2233695"}],"collection":[{"href":"https:\/\/eu.tilta.com\/es\/wp-json\/wp\/v2\/product"}],"about":[{"href":"https:\/\/eu.tilta.com\/es\/wp-json\/wp\/v2\/types\/product"}],"replies":[{"embeddable":true,"href":"https:\/\/eu.tilta.com\/es\/wp-json\/wp\/v2\/comments?post=2233695"}],"wp:featuredmedia":[{"embeddable":true,"href":"https:\/\/eu.tilta.com\/es\/wp-json\/wp\/v2\/media\/2172071"}],"wp:attachment":[{"href":"https:\/\/eu.tilta.com\/es\/wp-json\/wp\/v2\/media?parent=2233695"}],"wp:term":[{"taxonomy":"product_cat","embeddable":true,"href":"https:\/\/eu.tilta.com\/es\/wp-json\/wp\/v2\/product_cat?post=2233695"},{"taxonomy":"product_tag","embeddable":true,"href":"https:\/\/eu.tilta.com\/es\/wp-json\/wp\/v2\/product_tag?post=2233695"}],"curies":[{"name":"wp","href":"https:\/\/api.w.org\/{rel}","templated":true}]}}