{"id":2233701,"date":"2025-03-10T08:02:51","date_gmt":"2025-03-10T07:02:51","guid":{"rendered":"https:\/\/eu.tilta.com\/shop\/rotula-de-zapata-para-fujifilm-x-t50\/"},"modified":"2026-04-30T10:01:25","modified_gmt":"2026-04-30T08:01:25","slug":"hot-shoe-thumb-bracket-for-fujifilm-x-t50","status":"publish","type":"product","link":"https:\/\/eu.tilta.com\/es\/shop\/hot-shoe-thumb-bracket-for-fujifilm-x-t50\/","title":{"rendered":"R\u00f3tula de zapata para Fujifilm X-T50"},"content":{"rendered":"<p>El soporte de pulgar para zapata caliente es un accesorio mec\u00e1nico ligero para la Fujifilm X-T50.<\/p>\n<p>Esta empu\u00f1adura para el pulgar se monta en el receptor de la zapata de la c\u00e1mara con el fin de proporcionar una posici\u00f3n c\u00f3moda y segura para que el operador coloque el pulgar.<\/p>\n<p>Esto ayuda a mejorar la estabilidad de la mano, lo que puede dar lugar a disparos m\u00e1s suaves y a una experiencia de manejo m\u00e1s c\u00f3moda en general.<\/p>\n","protected":false},"excerpt":{"rendered":"<p>El soporte de pulgar para zapata caliente es un accesorio mec\u00e1nico ligero para la Fujifilm X-T50. Esta empu\u00f1adura para el pulgar se monta en el receptor de la zapata de la c\u00e1mara con el fin de proporcionar una posici\u00f3n c\u00f3moda [&hellip;]<\/p>\n","protected":false},"featured_media":2169627,"comment_status":"open","ping_status":"closed","template":"","meta":[],"product_cat":[3363],"product_tag":[],"acf":[],"gallery_images":[2169615],"_links":{"self":[{"href":"https:\/\/eu.tilta.com\/es\/wp-json\/wp\/v2\/product\/2233701"}],"collection":[{"href":"https:\/\/eu.tilta.com\/es\/wp-json\/wp\/v2\/product"}],"about":[{"href":"https:\/\/eu.tilta.com\/es\/wp-json\/wp\/v2\/types\/product"}],"replies":[{"embeddable":true,"href":"https:\/\/eu.tilta.com\/es\/wp-json\/wp\/v2\/comments?post=2233701"}],"wp:featuredmedia":[{"embeddable":true,"href":"https:\/\/eu.tilta.com\/es\/wp-json\/wp\/v2\/media\/2169627"}],"wp:attachment":[{"href":"https:\/\/eu.tilta.com\/es\/wp-json\/wp\/v2\/media?parent=2233701"}],"wp:term":[{"taxonomy":"product_cat","embeddable":true,"href":"https:\/\/eu.tilta.com\/es\/wp-json\/wp\/v2\/product_cat?post=2233701"},{"taxonomy":"product_tag","embeddable":true,"href":"https:\/\/eu.tilta.com\/es\/wp-json\/wp\/v2\/product_tag?post=2233701"}],"curies":[{"name":"wp","href":"https:\/\/api.w.org\/{rel}","templated":true}]}}