{"id":2233702,"date":"2025-03-08T09:41:41","date_gmt":"2025-03-08T08:41:41","guid":{"rendered":"https:\/\/eu.tilta.com\/shop\/placa-base-de-montaje-con-empunadura-de-madera-para-fujifilm-x-m5\/"},"modified":"2025-12-05T14:20:45","modified_gmt":"2025-12-05T13:20:45","slug":"mounting-baseplate-with-wooden-grip-for-fujifilm-x-m5","status":"publish","type":"product","link":"https:\/\/eu.tilta.com\/es\/shop\/mounting-baseplate-with-wooden-grip-for-fujifilm-x-m5\/","title":{"rendered":"Placa base de montaje con empu\u00f1adura de madera para Fujifilm X-M5"},"content":{"rendered":"<p><em>Presentamos la Placa base de montaje con empu\u00f1adura de madera para Fujifilm X-M5<\/em><\/p>\n<p>Este accesorio en forma de L incorpora una empu\u00f1adura de madera de nogal, que proporciona una forma m\u00e1s c\u00f3moda de manejar y manipular la c\u00e1mara.<\/p>\n<p>La placa inferior puede alojar f\u00e1cilmente una placa de liberaci\u00f3n r\u00e1pida ARCA (no incluida), que permite montar f\u00e1cilmente el sistema en cardanes Ronin de la serie S o en tr\u00edpodes ligeros, como nuestro <a href=\"https:\/\/eu.tilta.com\/shop\/tilta-vt05-travel-video-fluid-head-with-3-stage-carbon-fiber-tripod-legs-5kg\/\">tr\u00edpode de cabeza fluida de viaje VT-05<\/a>.<\/p>\n","protected":false},"excerpt":{"rendered":"<p>Presentamos la Placa base de montaje con empu\u00f1adura de madera para Fujifilm X-M5 Este accesorio en forma de L incorpora una empu\u00f1adura de madera de nogal, que proporciona una forma m\u00e1s c\u00f3moda de manejar y manipular la c\u00e1mara. La placa [&hellip;]<\/p>\n","protected":false},"featured_media":2166482,"comment_status":"open","ping_status":"closed","template":"","meta":[],"product_cat":[3904],"product_tag":[],"acf":[],"gallery_images":[2166458,2166488,2166494],"_links":{"self":[{"href":"https:\/\/eu.tilta.com\/es\/wp-json\/wp\/v2\/product\/2233702"}],"collection":[{"href":"https:\/\/eu.tilta.com\/es\/wp-json\/wp\/v2\/product"}],"about":[{"href":"https:\/\/eu.tilta.com\/es\/wp-json\/wp\/v2\/types\/product"}],"replies":[{"embeddable":true,"href":"https:\/\/eu.tilta.com\/es\/wp-json\/wp\/v2\/comments?post=2233702"}],"wp:featuredmedia":[{"embeddable":true,"href":"https:\/\/eu.tilta.com\/es\/wp-json\/wp\/v2\/media\/2166482"}],"wp:attachment":[{"href":"https:\/\/eu.tilta.com\/es\/wp-json\/wp\/v2\/media?parent=2233702"}],"wp:term":[{"taxonomy":"product_cat","embeddable":true,"href":"https:\/\/eu.tilta.com\/es\/wp-json\/wp\/v2\/product_cat?post=2233702"},{"taxonomy":"product_tag","embeddable":true,"href":"https:\/\/eu.tilta.com\/es\/wp-json\/wp\/v2\/product_tag?post=2233702"}],"curies":[{"name":"wp","href":"https:\/\/api.w.org\/{rel}","templated":true}]}}