{"id":2233746,"date":"2025-03-10T07:39:48","date_gmt":"2025-03-10T06:39:48","guid":{"rendered":"https:\/\/eu.tilta.com\/shop\/rotula-de-zapata-para-fujifilm-x-m5\/"},"modified":"2025-12-05T14:21:33","modified_gmt":"2025-12-05T13:21:33","slug":"hot-shoe-thumb-bracket-for-fujifilm-x-m5","status":"publish","type":"product","link":"https:\/\/eu.tilta.com\/es\/shop\/hot-shoe-thumb-bracket-for-fujifilm-x-m5\/","title":{"rendered":"R\u00f3tula de zapata para Fujifilm X-M5"},"content":{"rendered":"<p>El soporte de pulgar para zapata caliente es un accesorio mec\u00e1nico ligero para la Fujifilm X-M5.<\/p>\n<p>Esta empu\u00f1adura para el pulgar se monta en el receptor de la zapata de la c\u00e1mara con el fin de proporcionar una posici\u00f3n c\u00f3moda y segura para que el operador coloque el pulgar.<\/p>\n<p>Esto ayuda a mejorar la estabilidad de la mano, lo que puede dar lugar a disparos m\u00e1s suaves y a una experiencia de manejo m\u00e1s c\u00f3moda en general.<\/p>\n","protected":false},"excerpt":{"rendered":"<p>El soporte de pulgar para zapata caliente es un accesorio mec\u00e1nico ligero para la Fujifilm X-M5. Esta empu\u00f1adura para el pulgar se monta en el receptor de la zapata de la c\u00e1mara con el fin de proporcionar una posici\u00f3n c\u00f3moda [&hellip;]<\/p>\n","protected":false},"featured_media":2169492,"comment_status":"open","ping_status":"closed","template":"","meta":[],"product_cat":[3904],"product_tag":[],"acf":[],"gallery_images":[2169481],"_links":{"self":[{"href":"https:\/\/eu.tilta.com\/es\/wp-json\/wp\/v2\/product\/2233746"}],"collection":[{"href":"https:\/\/eu.tilta.com\/es\/wp-json\/wp\/v2\/product"}],"about":[{"href":"https:\/\/eu.tilta.com\/es\/wp-json\/wp\/v2\/types\/product"}],"replies":[{"embeddable":true,"href":"https:\/\/eu.tilta.com\/es\/wp-json\/wp\/v2\/comments?post=2233746"}],"wp:featuredmedia":[{"embeddable":true,"href":"https:\/\/eu.tilta.com\/es\/wp-json\/wp\/v2\/media\/2169492"}],"wp:attachment":[{"href":"https:\/\/eu.tilta.com\/es\/wp-json\/wp\/v2\/media?parent=2233746"}],"wp:term":[{"taxonomy":"product_cat","embeddable":true,"href":"https:\/\/eu.tilta.com\/es\/wp-json\/wp\/v2\/product_cat?post=2233746"},{"taxonomy":"product_tag","embeddable":true,"href":"https:\/\/eu.tilta.com\/es\/wp-json\/wp\/v2\/product_tag?post=2233746"}],"curies":[{"name":"wp","href":"https:\/\/api.w.org\/{rel}","templated":true}]}}